{"id":3194,"date":"2024-10-30T10:26:45","date_gmt":"2024-10-30T09:26:45","guid":{"rendered":"https:\/\/www.tiny-houses.es\/?page_id=3194"},"modified":"2025-11-17T20:23:51","modified_gmt":"2025-11-17T19:23:51","slug":"modelos","status":"publish","type":"page","link":"https:\/\/www.tiny-houses.es\/modelos\/","title":{"rendered":"Modelos"},"content":{"rendered":"<ul>\n<li>\n<p><img decoding=\"async\" src=\"\/wp-content\/uploads\/icono-terminada.jpg\" alt=\"\"><\/p>\n<h3>Tu casa terminada en 4 semanas<\/h3>\n<div>Tu casa terminada en 4 semanas<\/div>\n<\/li>\n<li>\n<p><img decoding=\"async\" src=\"\/wp-content\/uploads\/icono-antihumedad.jpg\" alt=\"\"><\/p>\n<h3>Anti humedad y anticorrosi\u00f3n<\/h3>\n<div>Anti humedad y anticorrosi\u00f3n<\/div>\n<\/li>\n<li>\n<p><img decoding=\"async\" src=\"\/wp-content\/uploads\/icono-ignifuga.jpg\" alt=\"\"><\/p>\n<h3>\u00danicos en hacerlas ign\u00edfugas<\/h3>\n<div>\u00danicos en hacerlas ign\u00edfugas<\/div>\n<\/li>\n<li>\n<p><img decoding=\"async\" src=\"\/wp-content\/uploads\/icono-acustica.jpg\" alt=\"\"><\/p>\n<h3>Sin transmisi\u00f3n ac\u00fastica al interior<\/h3>\n<div>Sin transmisi\u00f3n ac\u00fastica al interior<\/div>\n<\/li>\n<\/ul>\n<h1>Elige tu tipo de casa<\/h1>\n<ul>\n<li>\n<p><img decoding=\"async\" src=\"\/wp-content\/uploads\/modelos-casa-movil.jpg\" alt=\"\"><\/p>\n<h3>Casa M\u00f3vil<\/h3>\n<p><a href=\"#casa-movil\"><\/a><\/p>\n<\/li>\n<li>\n<p><img decoding=\"async\" src=\"\/wp-content\/uploads\/mikel-portada.jpg\" alt=\"\"><\/p>\n<h3>Casa Modular<\/h3>\n<p><a href=\"#casa-modular\"><\/a><\/p>\n<\/li>\n<\/ul>\n<h1>Configura tu nueva casa<\/h1>\n<ul>\n<li>\n<p><img decoding=\"async\" src=\"\/wp-content\/uploads\/icono-basic.png\" alt=\"\"><\/p>\n<h3>Modelo BASIC<\/h3>\n<div>\n<p>&#8211; Remolque homologado para la Uni\u00f3n Europea<br \/>&#8211; Posibilidad de largura en 5m y 6m<br \/>&#8211; Anchura de 2,5m<br \/>&#8211; Toda casa a una planta<br \/>&#8211; Casas de 12,5m<sup>2<\/sup> y 15m<sup>2<\/sup><\/p>\n<\/div>\n<\/li>\n<li>\n<p><img decoding=\"async\" src=\"\/wp-content\/uploads\/icono-large.png\" alt=\"\"><\/p>\n<h3>Modelo LARGE<\/h3>\n<div>&#8211; Remolque homologado para la Uni\u00f3n Europea<br \/>&#8211; Largura de 9m<br \/>&#8211; Anchura de 2,5m<br \/>&#8211; Toda a una planta<br \/>&#8211; Casas de 22,5m<sup>2<\/sup><\/div>\n<\/li>\n<li>\n<p><img decoding=\"async\" src=\"\/wp-content\/uploads\/icono-premium.png\" alt=\"\"><\/p>\n<h3>Modelo PREMIUM<\/h3>\n<div>&#8211; Remolque homologado para la Uni\u00f3n Europea<br \/>&#8211; Posibilidad de largura en 7m y 8m<br \/>&#8211; Anchura de 2,5m<br \/>&#8211; Elecci\u00f3n a una planta, con 1 altillo o con 2 altillos<br \/>&#8211; Casas desde 17,5m<sup>2<\/sup> hasta 28m<sup>2<\/sup><\/div>\n<\/li>\n<\/ul>\n<p><!--more--><br \/>\n<!-- {\"type\":\"layout\",\"children\":[{\"type\":\"section\",\"props\":{\"animation\":\"fade\",\"image_position\":\"center-center\",\"style\":\"default\",\"title_breakpoint\":\"xl\",\"title_position\":\"top-left\",\"title_rotation\":\"left\",\"vertical_align\":\"\",\"width\":\"large\"},\"children\":[{\"type\":\"row\",\"children\":[{\"type\":\"column\",\"props\":{\"image_position\":\"center-center\",\"position_sticky_breakpoint\":\"m\"},\"children\":[{\"type\":\"grid\",\"props\":{\"content_column_breakpoint\":\"m\",\"css\":\".el-image {\\n    border: 4px solid #55735f;\\n    border-radius: 50%;\\n    padding: 20px;\\n}\\n.el-content { color: #55735f; }\",\"filter_align\":\"left\",\"filter_all\":true,\"filter_grid_breakpoint\":\"m\",\"filter_grid_width\":\"auto\",\"filter_position\":\"top\",\"filter_style\":\"tab\",\"grid_default\":\"1\",\"grid_medium\":\"4\",\"grid_small\":\"2\",\"icon_width\":\"160\",\"image_align\":\"top\",\"image_border\":\"rounded\",\"image_grid_breakpoint\":\"m\",\"image_grid_width\":\"1-2\",\"image_height\":\"220\",\"image_svg_color\":\"emphasis\",\"image_width\":\"220\",\"item_animation\":true,\"link_style\":\"default\",\"link_text\":\"\",\"margin\":\"default\",\"meta_align\":\"below-title\",\"meta_element\":\"div\",\"meta_style\":\"text-meta\",\"panel_link\":true,\"panel_padding\":\"default\",\"panel_style\":\"tile-default\",\"show_content\":true,\"show_image\":true,\"show_link\":true,\"show_meta\":true,\"show_title\":false,\"text_align\":\"center\",\"title_align\":\"top\",\"title_element\":\"h3\",\"title_grid_breakpoint\":\"m\",\"title_grid_width\":\"1-2\",\"title_hover_style\":\"reset\",\"title_style\":\"h3\"},\"children\":[{\"type\":\"grid_item\",\"props\":{\"content\":\"Tu casa terminada en 4 semanas\",\"content_de_de\":\"Ihr Haus war in 4 Wochen fertig\",\"content_en_us\":\"Your house finished in 4 weeks\",\"content_fr_fr\":\"Votre maison termin\\u00e9e en 4 semaines\",\"icon\":\"\",\"image\":\"wp-content\\\/uploads\\\/icono-terminada.jpg\",\"title\":\"Tu casa terminada en 4 semanas\",\"title_de_de\":\"Ihr Haus war in 4 Wochen fertig\",\"title_en_us\":\"Your house finished in 4 weeks\",\"title_fr_fr\":\"Votre maison termin\\u00e9e en 4 semaines\"}},{\"type\":\"grid_item\",\"props\":{\"content\":\"Anti humedad y anticorrosi\\u00f3n\",\"content_de_de\":\"Anti-Feuchtigkeit und Anti-Korrosion\",\"content_en_us\":\"Anti-moisture and anti-corrosion\",\"content_fr_fr\":\"Anti-humidit\\u00e9 et anti-corrosion\",\"icon\":\"\",\"image\":\"wp-content\\\/uploads\\\/icono-antihumedad.jpg\",\"link_de_de\":\"de\\\/modelos\\\/\",\"title\":\"Anti humedad y anticorrosi\\u00f3n\",\"title_de_de\":\"Anti-Feuchtigkeit und Anti-Korrosion\",\"title_en_us\":\"Anti-moisture and anti-corrosion\",\"title_fr_fr\":\"Anti-humidit\\u00e9 et anti-corrosion\"}},{\"type\":\"grid_item\",\"props\":{\"content\":\"\\u00danicos en hacerlas ign\\u00edfugas\",\"content_de_de\":\"Einzigartig darin, sie feuerfest zu machen\",\"content_en_us\":\"Unique by making them flame retardant.\",\"content_fr_fr\":\"Unique en les rendant ignifuges\",\"icon\":\"\",\"image\":\"wp-content\\\/uploads\\\/icono-ignifuga.jpg\",\"title\":\"\\u00danicos en hacerlas ign\\u00edfugas\",\"title_de_de\":\"Einzigartig darin, sie feuerfest zu machen\",\"title_en_us\":\"Unique by making them flame retardant.\",\"title_fr_fr\":\"Unique en les rendant ignifuges\"}},{\"type\":\"grid_item\",\"props\":{\"content\":\"Sin transmisi\\u00f3n ac\\u00fastica al interior\",\"content_de_de\":\"\n\n<p><span style=\\\"font-weight: 400;\\\">Kreativit\\u00e4t ist unsere St\\u00e4rke. Wir entwickeln uns Tag f\\u00fcr Tag in unseren Produkten und technologischen Prozessen weiter, um die Zukunft im Angesicht des heutigen Bauens zu gestalten.<\\\/span><\\\/p>\",\"content_en_us\":\"\n\n<p>Creativity is our strong point. We evolve day by day in our products and technological<br \\\/>processes to address the future in the face of today&amp;#39;s construction.<\\\/p>\",\"content_fr_fr\":\"\n\n<p><span style=\\\"font-weight: 400;\\\">La cr\\u00e9ativit\\u00e9 est notre point fort. Nous \\u00e9voluons jour apr\\u00e8s jour dans nos produits et processus technologiques pour anticiper l'avenir face \\u00e0 la construction d'aujourd'hui.<\\\/span><\\\/p>\",\"icon\":\"\",\"image\":\"wp-content\\\/uploads\\\/icono-acustica.jpg\",\"link_de_de\":\"de\\\/modelos\\\/\",\"link_en_us\":\"en\\\/modelos\\\/\",\"link_fr_fr\":\"fr\\\/modelos\\\/\",\"title\":\"Sin transmisi\\u00f3n ac\\u00fastica al interior\",\"title_de_de\":\"Modelle\",\"title_en_us\":\"Models\",\"title_fr_fr\":\"Mod\\u00e8les\"}}]}]}]}]},{\"type\":\"section\",\"props\":{\"image_position\":\"center-center\",\"style\":\"default\",\"title_breakpoint\":\"xl\",\"title_position\":\"top-left\",\"title_rotation\":\"left\",\"vertical_align\":\"middle\",\"width\":\"default\"},\"children\":[{\"type\":\"row\",\"children\":[{\"type\":\"column\",\"props\":{\"image_position\":\"center-center\",\"position_sticky_breakpoint\":\"m\"},\"children\":[{\"type\":\"headline\",\"props\":{\"class\":\"uk-text-uppercase\",\"content\":\"Elige tu tipo de casa\",\"content_de_de\":\"W\\u00e4hlen Sie Ihren Haustyp\",\"content_en_us\":\"Choose your type of house\",\"content_fr_fr\":\"Choisissez votre type de maison\",\"margin\":\"medium\",\"margin_remove_bottom\":false,\"margin_remove_top\":false,\"text_align\":\"center\",\"title_element\":\"h1\"}}]}]},{\"type\":\"row\",\"props\":{\"width\":\"small\"},\"children\":[{\"type\":\"column\",\"props\":{\"image_position\":\"center-center\",\"position_sticky_breakpoint\":\"m\"},\"children\":[{\"type\":\"grid\",\"props\":{\"content_column_breakpoint\":\"m\",\"filter_align\":\"left\",\"filter_all\":true,\"filter_grid_breakpoint\":\"m\",\"filter_grid_width\":\"auto\",\"filter_position\":\"top\",\"filter_style\":\"tab\",\"grid_default\":\"1\",\"grid_medium\":\"2\",\"grid_small\":\"2\",\"icon_width\":80,\"image_align\":\"top\",\"image_box_decoration\":\"mask\",\"image_grid_breakpoint\":\"m\",\"image_grid_width\":\"1-2\",\"image_link\":true,\"image_svg_color\":\"emphasis\",\"item_animation\":true,\"link_style\":\"default\",\"link_text\":\"\",\"margin\":\"default\",\"meta_align\":\"below-title\",\"meta_element\":\"div\",\"meta_style\":\"text-meta\",\"panel_link\":true,\"show_content\":true,\"show_image\":true,\"show_link\":true,\"show_meta\":true,\"show_title\":true,\"text_align\":\"center\",\"title_align\":\"top\",\"title_color\":\"primary\",\"title_element\":\"h3\",\"title_grid_breakpoint\":\"m\",\"title_grid_width\":\"1-2\",\"title_hover_style\":\"reset\"},\"children\":[{\"type\":\"grid_item\",\"props\":{\"image\":\"wp-content\\\/uploads\\\/modelos-casa-movil.jpg\",\"link\":\"#casa-movil\",\"link_en_us\":\"#casa-movil\",\"link_fr_fr\":\"#casa-movil\",\"link_text_de_de\":\"#casa-movil\",\"title\":\"Casa M\\u00f3vil\",\"title_de_de\":\"Mobilheim\",\"title_en_us\":\"Mobile Home\",\"title_fr_fr\":\"Mobil-home\"}},{\"type\":\"grid_item\",\"props\":{\"image\":\"wp-content\\\/uploads\\\/mikel-portada.jpg\",\"link\":\"#casa-modular\",\"link_de_de\":\"#casa-modular\",\"link_en_us\":\"#casa-modular\",\"link_fr_fr\":\"#casa-modular\",\"title\":\"Casa Modular\",\"title_de_de\":\"Modulares Haus\",\"title_en_us\":\"Modular House\",\"title_fr_fr\":\"Maison Modulaire\"}}]}]}]}]},{\"type\":\"section\",\"props\":{\"id\":\"casa-movil\",\"image_position\":\"center-center\",\"style\":\"default\",\"title_breakpoint\":\"xl\",\"title_position\":\"top-left\",\"title_rotation\":\"left\",\"vertical_align\":\"middle\",\"width\":\"default\"},\"children\":[{\"type\":\"row\",\"children\":[{\"type\":\"column\",\"props\":{\"image_position\":\"center-center\",\"position_sticky_breakpoint\":\"m\"},\"children\":[{\"type\":\"headline\",\"props\":{\"class\":\"uk-text-uppercase\",\"content\":\"Configura tu nueva casa\",\"content_de_de\":\"Richten Sie Ihr neues Zuhause ein\",\"content_en_us\":\"Set up your new home\",\"content_fr_fr\":\"Installez votre nouvelle maison\",\"margin\":\"medium\",\"margin_remove_bottom\":false,\"margin_remove_top\":false,\"text_align\":\"center\",\"title_element\":\"h1\"}}]}]},{\"type\":\"row\",\"props\":{\"width\":\"small\"},\"children\":[{\"type\":\"column\",\"props\":{\"image_position\":\"center-center\",\"position_sticky_breakpoint\":\"m\"},\"children\":[{\"type\":\"grid\",\"props\":{\"content_column_breakpoint\":\"m\",\"filter_align\":\"left\",\"filter_all\":true,\"filter_grid_breakpoint\":\"m\",\"filter_grid_width\":\"auto\",\"filter_position\":\"top\",\"filter_style\":\"tab\",\"grid_default\":\"1\",\"grid_medium\":\"1\",\"grid_row_gap\":\"large\",\"grid_small\":\"1\",\"icon_width\":80,\"image_align\":\"left\",\"image_grid_breakpoint\":\"m\",\"image_grid_width\":\"1-2\",\"image_svg_color\":\"emphasis\",\"item_animation\":true,\"link_style\":\"default\",\"link_text\":\"Read more\",\"margin\":\"default\",\"meta_align\":\"below-title\",\"meta_element\":\"div\",\"meta_style\":\"text-meta\",\"show_content\":true,\"show_image\":true,\"show_link\":true,\"show_meta\":true,\"show_title\":true,\"title_align\":\"top\",\"title_color\":\"primary\",\"title_element\":\"h3\",\"title_grid_breakpoint\":\"m\",\"title_grid_width\":\"1-2\",\"title_hover_style\":\"reset\"},\"children\":[{\"type\":\"grid_item\",\"props\":{\"content\":\"\n\n<p>- Remolque homologado para la Uni\\u00f3n Europea<br \\\/>- Posibilidad de largura en 5m y 6m<br \\\/>- Anchura de 2,5m<br \\\/>- Toda casa a una planta<br \\\/>- Casas de 12,5m<sup>2<\\\/sup> y 15m<sup>2<\\\/sup><\\\/p>\",\"content_de_de\":\"\n\n<p>- F\\u00fcr die Europ\\u00e4ische Union zugelassener Anh\\u00e4nger<br \\\/>- L\\u00e4ngen in 5 m und 6 m m\\u00f6glich<br \\\/>- Breite von 2,5 m<br \\\/>- Ganzes Haus auf einer Etage<br \\\/>- H\\u00e4user mit 12 Personen. 5m<sup>2<\\\/sup> und 15m<sup>2<\\\/sup><\\\/p>\",\"content_en_us\":\"\n\n<p>- Trailer approved for the European Union<br \\\/>- Possibility of length in 5m and 6m<br \\\/>- Width of 2.5m<br \\\/>- Entire house on one floor<br \\\/>- Houses of 12 .5m<sup>2<\\\/sup> and 15m<sup>2<\\\/sup><\\\/p>\",\"content_fr_fr\":\"\n\n<p>- Remorque homologu\\u00e9e pour l'Union Europ\\u00e9enne<br \\\/>- Possibilit\\u00e9 de longueur en 5m et 6m<br \\\/>- Largeur de 2,5m<br \\\/>- Maison enti\\u00e8re sur un seul \\u00e9tage<br \\\/>- Maisons de 12 . 5m<sup>2<\\\/sup> et 15m<sup>2<\\\/sup><\\\/p>\",\"image\":\"wp-content\\\/uploads\\\/icono-basic.png\",\"title\":\"Modelo BASIC\",\"title_de_de\":\"BASIC-Modell\",\"title_en_us\":\"BASIC model\",\"title_fr_fr\":\"Mod\\u00e8le BASIC\"}},{\"type\":\"grid_item\",\"props\":{\"content\":\"- Remolque homologado para la Uni\\u00f3n Europea<br \\\/>- Largura de 9m<br \\\/>- Anchura de 2,5m<br \\\/>- Toda a una planta<br \\\/>- Casas de 22,5m<sup>2<\\\/sup>\",\"content_de_de\":\"- F\\u00fcr die Europ\\u00e4ische Union zugelassener Anh\\u00e4nger<br \\\/>- L\\u00e4nge 9 m<br \\\/>- Breite 2,5 m<br \\\/>- Alles auf einer Etage<br \\\/>- H\\u00e4user von 22,5 m<sup>2<\\\/ sup>\",\"content_en_us\":\"- Trailer approved for the European Union<br \\\/>- Length 9 m<br \\\/>- Width 2.5 m<br \\\/>- All on one floor<br \\\/>- Houses of 22.5 m<sup>2 < \\\/sup>\",\"content_fr_fr\":\"- Remorque homologu\\u00e9e pour l'Union Europ\\u00e9enne<br \\\/>- Longueur 9 m<br \\\/>- Largeur 2,5 m<br \\\/>- Le tout sur un seul \\u00e9tage<br \\\/>- Maisons de 22,5 m<sup>2 <\\\/sup>\",\"image\":\"wp-content\\\/uploads\\\/icono-large.png\",\"title\":\"Modelo LARGE\",\"title_de_de\":\"LARGE Modell\",\"title_en_us\":\"LARGE model\",\"title_fr_fr\":\"LARGE mod\\u00e8le\"}},{\"type\":\"grid_item\",\"props\":{\"content\":\"- Remolque homologado para la Uni\\u00f3n Europea<br \\\/>- Posibilidad de largura en 7m y 8m<br \\\/>- Anchura de 2,5m<br \\\/>- Elecci\\u00f3n a una planta, con 1 altillo o con 2 altillos<br \\\/>- Casas desde 17,5m<sup>2<\\\/sup> hasta 28m<sup>2<\\\/sup>\",\"content_de_de\":\"- F\\u00fcr die Europ\\u00e4ische Union zugelassener Anh\\u00e4nger<br \\\/>- M\\u00f6gliche L\\u00e4ngen in 7 m und 8 m<br \\\/>- Breite von 2,5 m<br \\\/>- Wahl zwischen einer Etage, mit 1 Dachboden oder mit 2 Dachb\\u00f6den<br \\\/> - H\\u00e4user von 17,5 m<sup>2<\\\/sup> bis 28 m<sup>2<\\\/sup>\",\"content_en_us\":\"- Trailer approved for the European Union<br \\\/>- Possible lengths in 7 m and 8 m<br \\\/>- Width of 2.5 m<br \\\/>- Choice of a floor, with 1 attic or with 2 attics<br \\\/ > - Homes from 17.5 m<sup>2<\\\/sup> to 28 m<sup>2<\\\/sup>\",\"content_fr_fr\":\"- Remorque homologu\\u00e9e pour l'Union Europ\\u00e9enne<br \\\/>- Longueurs possibles en 7 m et 8 m<br \\\/>- Largeur de 2,5 m<br \\\/>- Choix d'un \\u00e9tage, avec 1 grenier ou avec 2 greniers<br \\\/> - Maisons de 17,5 m<sup>2<\\\/sup> \\u00e0 28 m<sup>2<\\\/sup>\",\"image\":\"wp-content\\\/uploads\\\/icono-premium.png\",\"title\":\"Modelo PREMIUM\",\"title_de_de\":\"PREMIUM-Modell\",\"title_en_us\":\"PREMIUM model\",\"title_fr_fr\":\"Mod\\u00e8le PREMIUM\"}}]},{\"type\":\"text\",\"props\":{\"column_breakpoint\":\"m\",\"content\":\"\n\n<div class=\\\"uk-margin uk-scrollspy-inview uk-animation-fade\\\" uk-scrollspy-class>\\n    <a href=\\\"#offcanvas-form\\\" class=\\\"uk-button uk-button-primary\\\" uk-toggle>Solicita una llamada<\\\/a>\\n<\\\/div>\",\"content_de_de\":\"\n\n<div class=\\\"uk-margin uk-scrollspy-inview uk-animation-fade\\\" uk-scrollspy-class>\\n    <a href=\\\"#offcanvas-form\\\" class=\\\"uk-button uk-button-primary\\\" uk-toggle>Fordern Sie einen Anruf an<\\\/a>\\n<\\\/div>\",\"content_en_us\":\"\n\n<div class=\\\"uk-margin uk-scrollspy-inview uk-animation-fade\\\" uk-scrollspy-class>\\n    <a href=\\\"#offcanvas-form\\\" class=\\\"uk-button uk-button-primary\\\" uk-toggle>Request a call<\\\/a>\\n<\\\/div>\",\"content_fr_fr\":\"\n\n<div class=\\\"uk-margin uk-scrollspy-inview uk-animation-fade\\\" uk-scrollspy-class>\\n    <a href=\\\"#offcanvas-form\\\" class=\\\"uk-button uk-button-primary\\\" uk-toggle>Demander un appel<\\\/a>\\n<\\\/div>\",\"margin\":\"large\",\"status\":\"disabled\",\"text_align\":\"center\"}}]}]}],\"name\":\"casa-movil\"}],\"version\":\"4.4.12\"} --><\/p>\n","protected":false},"excerpt":{"rendered":"<p>Votre maison termin\u00e9e en 4 semaines Votre maison termin\u00e9e en 4 semaines Anti-humidit\u00e9 et anti-corrosion Anti-humidit\u00e9 et anti-corrosion Unique en les rendant ignifuges Unique en les rendant ignifuges Mod\u00e8les La cr\u00e9ativit\u00e9 est notre point fort. Nous \u00e9voluons jour apr\u00e8s jour dans nos produits et processus technologiques pour anticiper l&rsquo;avenir face \u00e0 la construction d&rsquo;aujourd&rsquo;hui. Choisissez [&hellip;]<\/p>\n","protected":false},"author":1,"featured_media":0,"parent":0,"menu_order":-997,"comment_status":"closed","ping_status":"closed","template":"","meta":{"footnotes":""},"class_list":["post-3194","page","type-page","status-publish","hentry"],"jetpack_sharing_enabled":true,"_links":{"self":[{"href":"https:\/\/www.tiny-houses.es\/wp-json\/wp\/v2\/pages\/3194"}],"collection":[{"href":"https:\/\/www.tiny-houses.es\/wp-json\/wp\/v2\/pages"}],"about":[{"href":"https:\/\/www.tiny-houses.es\/wp-json\/wp\/v2\/types\/page"}],"author":[{"embeddable":true,"href":"https:\/\/www.tiny-houses.es\/wp-json\/wp\/v2\/users\/1"}],"replies":[{"embeddable":true,"href":"https:\/\/www.tiny-houses.es\/wp-json\/wp\/v2\/comments?post=3194"}],"version-history":[{"count":34,"href":"https:\/\/www.tiny-houses.es\/wp-json\/wp\/v2\/pages\/3194\/revisions"}],"predecessor-version":[{"id":3370,"href":"https:\/\/www.tiny-houses.es\/wp-json\/wp\/v2\/pages\/3194\/revisions\/3370"}],"wp:attachment":[{"href":"https:\/\/www.tiny-houses.es\/wp-json\/wp\/v2\/media?parent=3194"}],"curies":[{"name":"wp","href":"https:\/\/api.w.org\/{rel}","templated":true}]}}