{"id":3136,"date":"2024-10-08T10:19:51","date_gmt":"2024-10-08T09:19:51","guid":{"rendered":"https:\/\/www.tiny-houses.es\/?page_id=3136"},"modified":"2024-10-08T10:37:56","modified_gmt":"2024-10-08T09:37:56","slug":"politica-de-cookies","status":"publish","type":"page","link":"https:\/\/www.tiny-houses.es\/politica-de-cookies\/","title":{"rendered":"Pol\u00edtica de cookies"},"content":{"rendered":"<div>\n<h1 class=\"uk-text-uppercase\">Pol\u00edtica de cookies<\/h1>\n<h2 class=\"uk-h3\">\u00bfQu\u00e9 son las cookies?<\/h2>\n<p>Este sitio web utiliza cookies y\/o tecnolog\u00edas similares que almacenan y recuperan informaci\u00f3n cuando navegas. En general, estas tecnolog\u00edas pueden servir para finalidades muy diversas, como, por ejemplo, reconocerte como usuario, obtener informaci\u00f3n sobre tus h\u00e1bitos de navegaci\u00f3n, o personalizar la forma en que se muestra el contenido. Los usos concretos que hacemos de estas tecnolog\u00edas se describen a continuaci\u00f3n.<\/p>\n<h2 class=\"uk-h3\">Identificaci\u00f3n de las cookies<\/h2>\n<p>Seg\u00fan la finalidad para la que se traten los datos obtenidos a trav\u00e9s de las cookies usadas en esta web, podemos distinguir entre:<\/p>\n<ul class=\"uk-list uk-list-bullet\">\n<li><strong>a) Cookies t\u00e9cnicas<\/strong>: son aquellas que permiten al usuario la navegaci\u00f3n a trav\u00e9s de la p\u00e1gina web, plataforma o aplicaci\u00f3n y la utilizaci\u00f3n de las diferentes opciones o servicios que en ella existen, incluyendo aquellas que se utilizan para permitir la gesti\u00f3n y operativa de la p\u00e1gina web y habilitar sus funciones y servicios, como, por ejemplo, controlar el tr\u00e1fico y la comunicaci\u00f3n de datos, identificar la sesi\u00f3n, acceder a partes de acceso restringido, etc.<\/li>\n<li><strong>b) Cookies de preferencias o personalizaci\u00f3n<\/strong>: son aquellas que permiten recordar informaci\u00f3n para que el usuario acceda al servicio con determinadas caracter\u00edsticas que pueden diferenciar su experiencia de la de otros usuarios, como, por ejemplo, el idioma, el n\u00famero de resultados a mostrar cuando el usuario realiza una b\u00fasqueda, el aspecto o contenido del servicio en funci\u00f3n del tipo de navegador a trav\u00e9s del cual el usuario accede al servicio, etc.<\/li>\n<li><strong>c) Cookies de an\u00e1lisis o medici\u00f3n<\/strong>: son aquellas que, tratadas por nosotros o por terceros, nos permiten cuantificar el n\u00famero de usuarios y as\u00ed realizar la medici\u00f3n y an\u00e1lisis estad\u00edstico de la utilizaci\u00f3n que hacen los usuarios del servicio ofertado. Para ello se analiza su navegaci\u00f3n en nuestra p\u00e1gina web con el fin de mejorar la oferta de productos o servicios que le ofrecemos.<\/li>\n<\/ul>\n<h2 class=\"uk-h3\">\u00bfQui\u00e9n utiliza las cookies?<\/h2>\n<p>Seg\u00fan quien sea la entidad que gestione el equipo o dominio desde donde se env\u00edan las cookies y trate los datos que se obtengan, podemos distinguir:<\/p>\n<ul class=\"uk-list uk-list-bullet\">\n<li><strong>a) Cookies propias<\/strong>: son aquellas que se env\u00edan al equipo terminal del usuario desde un equipo o dominio gestionado por el propio responsable de la web y desde el que se presta el servicio solicitado por el usuario.<\/li>\n<li><strong>b) Cookies de terceros<\/strong>: son aquellas que se env\u00edan al equipo terminal del usuario desde un equipo o dominio que no es gestionado por el responsable de la web, sino por otra entidad que trata los datos obtenidos trav\u00e9s de las cookies.<\/li>\n<\/ul>\n<p>Esta p\u00e1gina web utiliza Google Analytics, un servicio anal\u00edtico de web prestado por Google, Inc., una compa\u00f1\u00eda de Delaware cuya oficina principal est\u00e1 en 1600 Amphitheatre Parkway, Mountain View (California), CA 94043, Estados Unidos (\u201cGoogle\u201d). Google Analytics utiliza \u201ccookies\u201d para ayudar al website a analizar el uso que hacen los usuarios del sitio web. La informaci\u00f3n que genera la cookie acerca de su uso del website (incluyendo su direcci\u00f3n IP) ser\u00e1 directamente transmitida y archivada por Google en los servidores de Estados Unidos. Google usar\u00e1 esta informaci\u00f3n por cuenta nuestra con el prop\u00f3sito de seguir la pista de su uso del website, recopilando informes de la actividad del website y prestando otros servicios relacionados con la actividad del website y el uso de Internet. Google no asociar\u00e1 su direcci\u00f3n IP con ning\u00fan otro dato del que disponga Google.<\/p>\n<p>Puede consultar la pol\u00edtica de cookies de Google Analytics en: <a href=\"https:\/\/developers.google.com\/analytics\/devguides\/collection\/analyticsjs\/cookie-usage?hl=es\" target=\"_blank\">https:\/\/developers.google.com\/analytics\/devguides\/collection\/analyticsjs\/cookie-usage?hl=es<\/a><\/p>\n<h2 class=\"uk-h3\">Periodo de conservaci\u00f3n de las cookies<\/h2>\n<ul class=\"uk-list uk-list-bullet\">\n<li><strong>a) Cookies de sesi\u00f3n<\/strong>: expiran autom\u00e1ticamente cuando el usuario termina la sesi\u00f3n y suelen emplearse para conservar informaci\u00f3n necesaria mientras se presta un servicio solicitado por el usuario en una sola ocasi\u00f3n.<\/li>\n<li><strong>b) Cookies persistentes<\/strong>: permanecen almacenadas en el terminal del usuario durante un periodo determinado (desde unos minutos a varios a\u00f1os).<\/li>\n<\/ul>\n<h2 class=\"uk-h3\">Cookies utilizadas en nuestra web<\/h2>\n<p>A continuaci\u00f3n se identifican las cookies que est\u00e1n siendo utilizadas en este portal as\u00ed como su tipolog\u00eda y funci\u00f3n:<\/p>\n<table class=\"uk-table uk-table-divider\">\n<thead>\n<tr>\n<th>Nombre<\/th>\n<th>Tipo<\/th>\n<th>Proveedor<\/th>\n<th>Finalidad<\/th>\n<th>Duraci\u00f3n<\/th>\n<\/tr>\n<\/thead>\n<tbody>\n<tr>\n<td>NID, OGPC<\/td>\n<td>Anal\u00edtica &#8211; Google Maps<\/td>\n<td>.google.com<\/td>\n<td>Permite insertar Google Maps en la web y recopila datos estad\u00edsticos para personalizar publicidad.<\/td>\n<td>Persistente<\/td>\n<\/tr>\n<tr>\n<td>_ga<\/td>\n<td>Anal\u00edtica \u2013 Google Analytics<\/td>\n<td>.tiny-houses.es<\/td>\n<td>Se usa para controlar los visitantes \u00fanicos de la web, almacena un identificador de cliente \u00fanico.<\/td>\n<td>Persistente (Dos a\u00f1os)<\/td>\n<\/tr>\n<tr>\n<td>_gat<\/td>\n<td>Anal\u00edtica \u2013 Google Analytics<\/td>\n<td>.tiny-houses.es<\/td>\n<td>Recogen informaci\u00f3n an\u00f3nima sobre la navegaci\u00f3n del usuario por la web para recopilar datos estad\u00edsticos.<\/td>\n<td>De sesi\u00f3n (10 minutos)<\/td>\n<\/tr>\n<tr>\n<td>NID, HSID, APISID<\/td>\n<td>Cookies de preferencia y an\u00e1lisis<\/td>\n<td>.google.com<\/td>\n<td>Al crear o iniciar sesi\u00f3n en una cuenta de Google se almacenan estas cookies en su ordenador, con el fin de permanecer conectado a su cuenta de Google al visitar sus servicios de nuevo. Mientras permanezca con esta sesi\u00f3n activa y use complementos en otros sitios Web como el nuestro, Google har\u00e1 uso de estas cookies para mejorar su experiencia de uso.<\/td>\n<td>6 meses<\/td>\n<\/tr>\n<tr>\n<td>1P_JAR, ANID, CONSENT<\/td>\n<td>Cookie publicitaria<\/td>\n<td>.google.com<\/td>\n<td>Contiene un valor generado aleatoriamente \u00fanico que permite distinguir navegadores y dispositivos. Esta informaci\u00f3n es utilizada para medir el rendimiento de los anuncios y proporcionar recomendaciones relativas a productos basadas en datos estad\u00edsticos.<\/td>\n<td>Persistente<\/td>\n<\/tr>\n<\/tbody>\n<\/table>\n<h2 class=\"uk-h3\">\u00bfC\u00f3mo puede aceptar, denegar, revocar el consentimiento o eliminar las cookies?<\/h2>\n<p>Tienes la opci\u00f3n de permitir, bloquear o eliminar las cookies instaladas en tu equipo mediante la configuraci\u00f3n de las opciones del navegador instalado en su equipo. Al desactivar cookies, algunos de los servicios disponibles podr\u00edan dejar de estar operativos. La forma de deshabilitar las cookies es diferente para cada navegador, pero normalmente puede hacerse desde el men\u00fa Herramientas u Opciones. Tambi\u00e9n puede consultarse el men\u00fa de Ayuda del navegador d\u00f3nde puedes encontrar instrucciones. El usuario podr\u00e1 en cualquier momento elegir qu\u00e9 cookies quiere que funcionen en este sitio web.<\/p>\n<p>Puede usted permitir, bloquear o eliminar las cookies instaladas en su equipo mediante la configuraci\u00f3n de las opciones del navegador instalado en su equipo:<\/p>\n<ul class=\"uk-list uk-list-bullet\">\n<li><strong>Microsoft Internet Explorer o Microsoft Edge<\/strong>: <a href=\"http:\/\/windows.microsoft.com\/es-es\/windows-vista\/Block-or-allow-cookies\" target=\"_blank\" rel=\"nofollow\">http:\/\/windows.microsoft.com\/es-es\/windows-vista\/Block-or-allow-cookies<\/a><\/li>\n<li><strong>Mozilla Firefox<\/strong>: <a href=\"http:\/\/support.mozilla.org\/es\/kb\/impedir-que-los-sitios-web-guarden-sus-preferencia\" target=\"_blank\" rel=\"nofollow\">http:\/\/support.mozilla.org\/es\/kb\/impedir-que-los-sitios-web-guarden-sus-preferencia<\/a><\/li>\n<li><strong>Google Chrome<\/strong>: <a href=\"https:\/\/support.google.com\/accounts\/answer\/61416?hl=es\" target=\"_blank\" rel=\"nofollow\">https:\/\/support.google.com\/accounts\/answer\/61416?hl=es<\/a><\/li>\n<li><strong>Safari<\/strong>: <a href=\"http:\/\/safari.helpmax.net\/es\/privacidad-y-seguridad\/como-gestionar-las-cookies\/\" target=\"_blank\" rel=\"nofollow\">http:\/\/safari.helpmax.net\/es\/privacidad-y-seguridad\/como-gestionar-las-cookies\/<\/a><\/li>\n<li><strong>Opera<\/strong>: <a href=\"http:\/\/help.opera.com\/Linux\/10.60\/es-ES\/cookies.html\" target=\"_blank\" rel=\"nofollow\">http:\/\/help.opera.com\/Linux\/10.60\/es-ES\/cookies.html<\/a><\/li>\n<li><strong>Internet Explorer (Windows Phone)<\/strong>: <a href=\"https:\/\/support.microsoft.com\/en-us\/help\/11696\/windows-phone-7\" target=\"_blank\" rel=\"nofollow\">https:\/\/support.microsoft.com\/en-us\/help\/11696\/windows-phone-7<\/a><\/li>\n<li><strong>Safari para IOS (iPhone y iPad)<\/strong>: <a href=\"https:\/\/support.apple.com\/en-us\/HT201265\" target=\"_blank\" rel=\"nofollow\">https:\/\/support.apple.com\/en-us\/HT201265<\/a><\/li>\n<li><strong>Chrome para Android<\/strong>: <a href=\"https:\/\/support.google.com\/chrome\/answer\/114662?hl=es&#038;visit_id=637193652976072807-2786557028&#038;rd=1\" target=\"_blank\" rel=\"nofollow\">https:\/\/support.google.com\/chrome\/answer\/114662?hl=es&#038;visit_id=637193652976072807-2786557028&#038;rd=1<\/a><\/li>\n<\/ul>\n<h2 class=\"uk-h3\">Transferencias de datos a terceros pa\u00edses<\/h2>\n<p>Puedes informarte de las transferencias a terceros pa\u00edses que, en su caso, realizan los terceros identificados en esta pol\u00edtica de cookies en sus correspondientes pol\u00edticas (ver los enlaces facilitados en el apartado \u201cCookies de terceros\u201d).<\/p>\n<h2 class=\"uk-h3\">Elaboraci\u00f3n de perfiles<\/h2>\n<p>No se elaborar\u00e1 un perfil de usuario basado en la monitorizaci\u00f3n de sus actividades de navegaci\u00f3n en nuestro Sitio Web. Y en consecuencia, no se tomar\u00e1n decisiones automatizadas basadas en dicha navegaci\u00f3n.<\/p>\n<h2 class=\"uk-h3\">M\u00e1s informaci\u00f3n sobre tratamiento de datos<\/h2>\n<p>Visite nuestra pol\u00edtica de privacidad en <a href=\"\/politica-de-privacidad\/\" target=\"_blank\">https:\/\/www.tiny-houses.es\/politica-de-privacidad\/<\/a><\/p>\n<\/div>\n<p><!--more--><br \/>\n<!-- {\"type\":\"layout\",\"children\":[{\"type\":\"section\",\"props\":{\"image_position\":\"center-center\",\"style\":\"default\",\"title_breakpoint\":\"xl\",\"title_position\":\"top-left\",\"title_rotation\":\"left\",\"vertical_align\":\"middle\",\"width\":\"default\"},\"children\":[{\"type\":\"row\",\"children\":[{\"type\":\"column\",\"props\":{\"image_position\":\"center-center\",\"position_sticky_breakpoint\":\"m\"},\"children\":[{\"type\":\"text\",\"props\":{\"column_breakpoint\":\"m\",\"content\":\"\n\n<h1 class=\\\"uk-text-uppercase\\\">Pol\\u00edtica de cookies<\\\/h1>\\n\\n\n\n<h2 class=\\\"uk-h3\\\">\\u00bfQu\\u00e9 son las cookies?<\\\/h2>\\n\n\n<p>Este sitio web utiliza cookies y\\\/o tecnolog\\u00edas similares que almacenan y recuperan informaci\\u00f3n cuando navegas. En general, estas tecnolog\\u00edas pueden servir para finalidades muy diversas, como, por ejemplo, reconocerte como usuario, obtener informaci\\u00f3n sobre tus h\\u00e1bitos de navegaci\\u00f3n, o personalizar la forma en que se muestra el contenido. Los usos concretos que hacemos de estas tecnolog\\u00edas se describen a continuaci\\u00f3n.<\\\/p>\\n\\n\n\n<h2 class=\\\"uk-h3\\\">Identificaci\\u00f3n de las cookies<\\\/h2>\\n\n\n<p>Seg\\u00fan la finalidad para la que se traten los datos obtenidos a trav\\u00e9s de las cookies usadas en esta web, podemos distinguir entre:<\\\/p>\\n\n\n<ul class=\\\"uk-list uk-list-bullet\\\">\\n    \n\n<li><strong>a) Cookies t\\u00e9cnicas<\\\/strong>: son aquellas que permiten al usuario la navegaci\\u00f3n a trav\\u00e9s de la p\\u00e1gina web, plataforma o aplicaci\\u00f3n y la utilizaci\\u00f3n de las diferentes opciones o servicios que en ella existen, incluyendo aquellas que se utilizan para permitir la gesti\\u00f3n y operativa de la p\\u00e1gina web y habilitar sus funciones y servicios, como, por ejemplo, controlar el tr\\u00e1fico y la comunicaci\\u00f3n de datos, identificar la sesi\\u00f3n, acceder a partes de acceso restringido, etc.<\\\/li>\\n    \n\n<li><strong>b) Cookies de preferencias o personalizaci\\u00f3n<\\\/strong>: son aquellas que permiten recordar informaci\\u00f3n para que el usuario acceda al servicio con determinadas caracter\\u00edsticas que pueden diferenciar su experiencia de la de otros usuarios, como, por ejemplo, el idioma, el n\\u00famero de resultados a mostrar cuando el usuario realiza una b\\u00fasqueda, el aspecto o contenido del servicio en funci\\u00f3n del tipo de navegador a trav\\u00e9s del cual el usuario accede al servicio, etc.<\\\/li>\\n    \n\n<li><strong>c) Cookies de an\\u00e1lisis o medici\\u00f3n<\\\/strong>: son aquellas que, tratadas por nosotros o por terceros, nos permiten cuantificar el n\\u00famero de usuarios y as\\u00ed realizar la medici\\u00f3n y an\\u00e1lisis estad\\u00edstico de la utilizaci\\u00f3n que hacen los usuarios del servicio ofertado. Para ello se analiza su navegaci\\u00f3n en nuestra p\\u00e1gina web con el fin de mejorar la oferta de productos o servicios que le ofrecemos.<\\\/li>\\n<\\\/ul>\\n\\n\n\n<h2 class=\\\"uk-h3\\\">\\u00bfQui\\u00e9n utiliza las cookies?<\\\/h2>\\n\n\n<p>Seg\\u00fan quien sea la entidad que gestione el equipo o dominio desde donde se env\\u00edan las cookies y trate los datos que se obtengan, podemos distinguir:<\\\/p>\\n\n\n<ul class=\\\"uk-list uk-list-bullet\\\">\\n    \n\n<li><strong>a) Cookies propias<\\\/strong>: son aquellas que se env\\u00edan al equipo terminal del usuario desde un equipo o dominio gestionado por el propio responsable de la web y desde el que se presta el servicio solicitado por el usuario.<\\\/li>\\n    \n\n<li><strong>b) Cookies de terceros<\\\/strong>: son aquellas que se env\\u00edan al equipo terminal del usuario desde un equipo o dominio que no es gestionado por el responsable de la web, sino por otra entidad que trata los datos obtenidos trav\\u00e9s de las cookies.<\\\/li>\\n<\\\/ul>\\n\n\n<p>Esta p\\u00e1gina web utiliza Google Analytics, un servicio anal\\u00edtico de web prestado por Google, Inc., una compa\\u00f1\\u00eda de Delaware cuya oficina principal est\\u00e1 en 1600 Amphitheatre Parkway, Mountain View (California), CA 94043, Estados Unidos (\\u201cGoogle\\u201d). Google Analytics utiliza \\u201ccookies\\u201d para ayudar al website a analizar el uso que hacen los usuarios del sitio web. La informaci\\u00f3n que genera la cookie acerca de su uso del website (incluyendo su direcci\\u00f3n IP) ser\\u00e1 directamente transmitida y archivada por Google en los servidores de Estados Unidos. Google usar\\u00e1 esta informaci\\u00f3n por cuenta nuestra con el prop\\u00f3sito de seguir la pista de su uso del website, recopilando informes de la actividad del website y prestando otros servicios relacionados con la actividad del website y el uso de Internet. Google no asociar\\u00e1 su direcci\\u00f3n IP con ning\\u00fan otro dato del que disponga Google.<\\\/p>\\n\n\n<p>Puede consultar la pol\\u00edtica de cookies de Google Analytics en: <a href=\\\"https:\\\/\\\/developers.google.com\\\/analytics\\\/devguides\\\/collection\\\/analyticsjs\\\/cookie-usage?hl=es\\\" target=\\\"_blank\\\">https:\\\/\\\/developers.google.com\\\/analytics\\\/devguides\\\/collection\\\/analyticsjs\\\/cookie-usage?hl=es<\\\/a><\\\/p>\\n\\n\n\n<h2 class=\\\"uk-h3\\\">Periodo de conservaci\\u00f3n de las cookies<\\\/h2>\\n\n\n<ul class=\\\"uk-list uk-list-bullet\\\">\\n    \n\n<li><strong>a) Cookies de sesi\\u00f3n<\\\/strong>: expiran autom\\u00e1ticamente cuando el usuario termina la sesi\\u00f3n y suelen emplearse para conservar informaci\\u00f3n necesaria mientras se presta un servicio solicitado por el usuario en una sola ocasi\\u00f3n.<\\\/li>\\n    \n\n<li><strong>b) Cookies persistentes<\\\/strong>: permanecen almacenadas en el terminal del usuario durante un periodo determinado (desde unos minutos a varios a\\u00f1os).<\\\/li>\\n<\\\/ul>\\n\\n\n\n<h2 class=\\\"uk-h3\\\">Cookies utilizadas en nuestra web<\\\/h2>\\n\n\n<p>A continuaci\\u00f3n se identifican las cookies que est\\u00e1n siendo utilizadas en este portal as\\u00ed como su tipolog\\u00eda y funci\\u00f3n:<\\\/p>\\n\n\n<table class=\\\"uk-table uk-table-divider\\\">\\n    \n\n<thead>\\n        \n\n<tr>\\n            \n\n<th>Nombre<\\\/th>\\n            \n\n<th>Tipo<\\\/th>\\n            \n\n<th>Proveedor<\\\/th>\\n            \n\n<th>Finalidad<\\\/th>\\n            \n\n<th>Duraci\\u00f3n<\\\/th>\\n        <\\\/tr>\\n    <\\\/thead>\\n    \n\n<tbody>\\n        \n\n<tr>\\n            \n\n<td>NID, OGPC<\\\/td>\\n            \n\n<td>Anal\\u00edtica - Google Maps<\\\/td>\\n            \n\n<td>.google.com<\\\/td>\\n            \n\n<td>Permite insertar Google Maps en la web y recopila datos estad\\u00edsticos para personalizar publicidad.<\\\/td>\\n            \n\n<td>Persistente<\\\/td>\\n        <\\\/tr>\\n        \n\n<tr>\\n            \n\n<td>_ga<\\\/td>\\n            \n\n<td>Anal\\u00edtica \\u2013 Google Analytics<\\\/td>\\n            \n\n<td>.tiny-houses.es<\\\/td>\\n            \n\n<td>Se usa para controlar los visitantes \\u00fanicos de la web, almacena un identificador de cliente \\u00fanico.<\\\/td>\\n            \n\n<td>Persistente (Dos a\\u00f1os)<\\\/td>\\n        <\\\/tr>\\n        \n\n<tr>\\n            \n\n<td>_gat<\\\/td>\\n            \n\n<td>Anal\\u00edtica \\u2013 Google Analytics<\\\/td>\\n            \n\n<td>.tiny-houses.es<\\\/td>\\n            \n\n<td>Recogen informaci\\u00f3n an\\u00f3nima sobre la navegaci\\u00f3n del usuario por la web para recopilar datos estad\\u00edsticos.<\\\/td>\\n            \n\n<td>De sesi\\u00f3n (10 minutos)<\\\/td>\\n        <\\\/tr>\\n        \n\n<tr>\\n            \n\n<td>NID, HSID, APISID<\\\/td>\\n            \n\n<td>Cookies de preferencia y an\\u00e1lisis<\\\/td>\\n            \n\n<td>.google.com<\\\/td>\\n            \n\n<td>Al crear o iniciar sesi\\u00f3n en una cuenta de Google se almacenan estas cookies en su ordenador, con el fin de permanecer conectado a su cuenta de Google al visitar sus servicios de nuevo. Mientras permanezca con esta sesi\\u00f3n activa y use complementos en otros sitios Web como el nuestro, Google har\\u00e1 uso de estas cookies para mejorar su experiencia de uso.<\\\/td>\\n            \n\n<td>6 meses<\\\/td>\\n        <\\\/tr>\\n        \n\n<tr>\\n            \n\n<td>1P_JAR, ANID, CONSENT<\\\/td>\\n            \n\n<td>Cookie publicitaria<\\\/td>\\n            \n\n<td>.google.com<\\\/td>\\n            \n\n<td>Contiene un valor generado aleatoriamente \\u00fanico que permite distinguir navegadores y dispositivos. Esta informaci\\u00f3n es utilizada para medir el rendimiento de los anuncios y proporcionar recomendaciones relativas a productos basadas en datos estad\\u00edsticos.<\\\/td>\\n            \n\n<td>Persistente<\\\/td>\\n        <\\\/tr>\\n    <\\\/tbody>\\n<\\\/table>\\n\\n\n\n<h2 class=\\\"uk-h3\\\">\\u00bfC\\u00f3mo puede aceptar, denegar, revocar el consentimiento o eliminar las cookies?<\\\/h2>\\n\n\n<p>Tienes la opci\\u00f3n de permitir, bloquear o eliminar las cookies instaladas en tu equipo mediante la configuraci\\u00f3n de las opciones del navegador instalado en su equipo. Al desactivar cookies, algunos de los servicios disponibles podr\\u00edan dejar de estar operativos. La forma de deshabilitar las cookies es diferente para cada navegador, pero normalmente puede hacerse desde el men\\u00fa Herramientas u Opciones. Tambi\\u00e9n puede consultarse el men\\u00fa de Ayuda del navegador d\\u00f3nde puedes encontrar instrucciones. El usuario podr\\u00e1 en cualquier momento elegir qu\\u00e9 cookies quiere que funcionen en este sitio web.<\\\/p>\\n\n\n<p>Puede usted permitir, bloquear o eliminar las cookies instaladas en su equipo mediante la configuraci\\u00f3n de las opciones del navegador instalado en su equipo:<\\\/p>\\n\n\n<ul class=\\\"uk-list uk-list-bullet\\\">\\n    \n\n<li><strong>Microsoft Internet Explorer o Microsoft Edge<\\\/strong>: <a href=\\\"http:\\\/\\\/windows.microsoft.com\\\/es-es\\\/windows-vista\\\/Block-or-allow-cookies\\\" target=\\\"_blank\\\" rel=\\\"nofollow\\\">http:\\\/\\\/windows.microsoft.com\\\/es-es\\\/windows-vista\\\/Block-or-allow-cookies<\\\/a><\\\/li>\\n    \n\n<li><strong>Mozilla Firefox<\\\/strong>: <a href=\\\"http:\\\/\\\/support.mozilla.org\\\/es\\\/kb\\\/impedir-que-los-sitios-web-guarden-sus-preferencia\\\" target=\\\"_blank\\\" rel=\\\"nofollow\\\">http:\\\/\\\/support.mozilla.org\\\/es\\\/kb\\\/impedir-que-los-sitios-web-guarden-sus-preferencia<\\\/a><\\\/li>\\n    \n\n<li><strong>Google Chrome<\\\/strong>: <a href=\\\"https:\\\/\\\/support.google.com\\\/accounts\\\/answer\\\/61416?hl=es\\\" target=\\\"_blank\\\" rel=\\\"nofollow\\\">https:\\\/\\\/support.google.com\\\/accounts\\\/answer\\\/61416?hl=es<\\\/a><\\\/li>\\n    \n\n<li><strong>Safari<\\\/strong>: <a href=\\\"http:\\\/\\\/safari.helpmax.net\\\/es\\\/privacidad-y-seguridad\\\/como-gestionar-las-cookies\\\/\\\" target=\\\"_blank\\\" rel=\\\"nofollow\\\">http:\\\/\\\/safari.helpmax.net\\\/es\\\/privacidad-y-seguridad\\\/como-gestionar-las-cookies\\\/<\\\/a><\\\/li>\\n    \n\n<li><strong>Opera<\\\/strong>: <a href=\\\"http:\\\/\\\/help.opera.com\\\/Linux\\\/10.60\\\/es-ES\\\/cookies.html\\\" target=\\\"_blank\\\" rel=\\\"nofollow\\\">http:\\\/\\\/help.opera.com\\\/Linux\\\/10.60\\\/es-ES\\\/cookies.html<\\\/a><\\\/li>\\n    \n\n<li><strong>Internet Explorer (Windows Phone)<\\\/strong>: <a href=\\\"https:\\\/\\\/support.microsoft.com\\\/en-us\\\/help\\\/11696\\\/windows-phone-7\\\" target=\\\"_blank\\\" rel=\\\"nofollow\\\">https:\\\/\\\/support.microsoft.com\\\/en-us\\\/help\\\/11696\\\/windows-phone-7<\\\/a><\\\/li>\\n    \n\n<li><strong>Safari para IOS (iPhone y iPad)<\\\/strong>: <a href=\\\"https:\\\/\\\/support.apple.com\\\/en-us\\\/HT201265\\\" target=\\\"_blank\\\" rel=\\\"nofollow\\\">https:\\\/\\\/support.apple.com\\\/en-us\\\/HT201265<\\\/a><\\\/li>\\n    \n\n<li><strong>Chrome para Android<\\\/strong>: <a href=\\\"https:\\\/\\\/support.google.com\\\/chrome\\\/answer\\\/114662?hl=es&visit_id=637193652976072807-2786557028&rd=1\\\" target=\\\"_blank\\\" rel=\\\"nofollow\\\">https:\\\/\\\/support.google.com\\\/chrome\\\/answer\\\/114662?hl=es&visit_id=637193652976072807-2786557028&rd=1<\\\/a><\\\/li>\\n<\\\/ul>\\n\\n\n\n<h2 class=\\\"uk-h3\\\">Transferencias de datos a terceros pa\\u00edses<\\\/h2>\\n\n\n<p>Puedes informarte de las transferencias a terceros pa\\u00edses que, en su caso, realizan los terceros identificados en esta pol\\u00edtica de cookies en sus correspondientes pol\\u00edticas (ver los enlaces facilitados en el apartado \\u201cCookies de terceros\\u201d).<\\\/p>\\n\\n\n\n<h2 class=\\\"uk-h3\\\">Elaboraci\\u00f3n de perfiles<\\\/h2>\\n\n\n<p>No se elaborar\\u00e1 un perfil de usuario basado en la monitorizaci\\u00f3n de sus actividades de navegaci\\u00f3n en nuestro Sitio Web. Y en consecuencia, no se tomar\\u00e1n decisiones automatizadas basadas en dicha navegaci\\u00f3n.<\\\/p>\\n\\n\n\n<h2 class=\\\"uk-h3\\\">M\\u00e1s informaci\\u00f3n sobre tratamiento de datos<\\\/h2>\\n\n\n<p>Visite nuestra pol\\u00edtica de privacidad en <a href=\\\"\\\/politica-de-privacidad\\\/\\\" target=\\\"_blank\\\">https:\\\/\\\/www.tiny-houses.es\\\/politica-de-privacidad\\\/<\\\/a><\\\/p>\\n\",\"margin\":\"default\"}}]}]}]}],\"version\":\"4.1.3\"} --><\/p>\n","protected":false},"excerpt":{"rendered":"<p>Pol\u00edtica de cookies \u00bfQu\u00e9 son las cookies? Este sitio web utiliza cookies y\/o tecnolog\u00edas similares que almacenan y recuperan informaci\u00f3n cuando navegas. En general, estas tecnolog\u00edas pueden servir para finalidades muy diversas, como, por ejemplo, reconocerte como usuario, obtener informaci\u00f3n sobre tus h\u00e1bitos de navegaci\u00f3n, o personalizar la forma en que se muestra el contenido. [&hellip;]<\/p>\n","protected":false},"author":1,"featured_media":0,"parent":0,"menu_order":10,"comment_status":"closed","ping_status":"closed","template":"","meta":{"footnotes":""},"class_list":["post-3136","page","type-page","status-publish","hentry"],"jetpack_sharing_enabled":true,"_links":{"self":[{"href":"https:\/\/www.tiny-houses.es\/wp-json\/wp\/v2\/pages\/3136"}],"collection":[{"href":"https:\/\/www.tiny-houses.es\/wp-json\/wp\/v2\/pages"}],"about":[{"href":"https:\/\/www.tiny-houses.es\/wp-json\/wp\/v2\/types\/page"}],"author":[{"embeddable":true,"href":"https:\/\/www.tiny-houses.es\/wp-json\/wp\/v2\/users\/1"}],"replies":[{"embeddable":true,"href":"https:\/\/www.tiny-houses.es\/wp-json\/wp\/v2\/comments?post=3136"}],"version-history":[{"count":2,"href":"https:\/\/www.tiny-houses.es\/wp-json\/wp\/v2\/pages\/3136\/revisions"}],"predecessor-version":[{"id":3152,"href":"https:\/\/www.tiny-houses.es\/wp-json\/wp\/v2\/pages\/3136\/revisions\/3152"}],"wp:attachment":[{"href":"https:\/\/www.tiny-houses.es\/wp-json\/wp\/v2\/media?parent=3136"}],"curies":[{"name":"wp","href":"https:\/\/api.w.org\/{rel}","templated":true}]}}