{"id":3157,"date":"2024-10-28T12:28:52","date_gmt":"2024-10-28T11:28:52","guid":{"rendered":"https:\/\/www.tiny-houses.es\/?page_id=3157"},"modified":"2024-11-04T17:34:24","modified_gmt":"2024-11-04T16:34:24","slug":"inicio","status":"publish","type":"page","link":"https:\/\/www.tiny-houses.es\/","title":{"rendered":"Inicio"},"content":{"rendered":"<p><img decoding=\"async\" src=\"\/wp-content\/uploads\/portada-tiny-houses-1.jpg\" alt=\"\"><br \/>\n<img decoding=\"async\" src=\"\/wp-content\/uploads\/portada-tiny-houses-mobile.jpg\" alt=\"\"><br \/>\n<img decoding=\"async\" src=\"\/wp-content\/uploads\/teo-portada-1.jpg\" alt=\"\"><\/p>\n<h1>TINY-HOUSES<\/h1>\n<div>Construimos estilos de vida<\/div>\n<div><span style=\"font-weight: 400;\">EQUIPO TINY HOUSES<\/span><\/div>\n<div>Somos un gran equipo profesional y comprometido con el proyecto de nuestros clientes.<\/div>\n<div>Desarrollamos y fabricamos mini casas y casas m\u00f3viles bajo las necesidades y gustos del cliente.<br \/>L\u00edderes en Espa\u00f1a con una experiencia de m\u00e1s de <strong>20 a\u00f1os<\/strong> en fabricaci\u00f3n de remolques, en revestimientos interiores y exteriores y en dise\u00f1o de interiores y decoraci\u00f3n.<\/div>\n<div>Disponemos de m\u00e1s de 2000 metros cuadrados de instalaciones e infraestructura para fabricar hasta 15 casas conjuntamente.<\/div>\n<p>\n    <a href=\"\/quienes-somos\/\">Saber m\u00e1s<\/a>\n<\/p>\n<div><span style=\"font-weight: 400;\">TU CASA ALL\u00c1 DONDE QUIERAS<\/span><\/div>\n<div>Fabricadas de chasis y remolques con homologaci\u00f3n Europea.<br \/>\nLas fabricamos con remolque homologado o en plataforma para transportar en cami\u00f3n. Son totalmente m\u00f3viles ya que no necesitan ni cimentaci\u00f3n ni obra civil.<\/div>\n<div><span style=\"font-weight: 400;\">UN FUTURO SOSTENIBLE<\/span><\/div>\n<div>Nuestras Tiny Houses son dise\u00f1os \u00fanicos acerc\u00e1ndonos a un futuro sostenible, humano y eficaz. Fabricadas con aislantes t\u00e9rmicos reflexivos de la mayor calidad y autosuficientes.<\/div>\n<div><span style=\"font-weight: 400;\">\u00bfC\u00d3MO TE GUSTAR\u00cdA VIVIR?<\/span><\/div>\n<div>Un amplio abanico de opciones tanto de terminaciones, acabados, revestimientos, equipaciones de cocina y ba\u00f1o, mobiliario, iluminaci\u00f3n&#8230;<br \/>\nA tu manera juntos personalizamos.<\/div>\n<p><!--more--><br \/>\n<!-- {\"type\":\"layout\",\"children\":[{\"type\":\"section\",\"props\":{\"image_position\":\"center-center\",\"padding\":\"none\",\"style\":\"default\",\"title_breakpoint\":\"xl\",\"title_position\":\"top-left\",\"title_rotation\":\"left\",\"vertical_align\":\"middle\",\"width\":\"\"},\"children\":[{\"type\":\"row\",\"children\":[{\"type\":\"column\",\"props\":{\"image_position\":\"center-center\",\"position_sticky_breakpoint\":\"m\"},\"children\":[{\"type\":\"image\",\"props\":{\"image\":\"wp-content\\\/uploads\\\/portada-tiny-houses-1.jpg\",\"image_height\":800,\"image_svg_color\":\"emphasis\",\"image_width\":1920,\"margin\":\"remove-vertical\",\"text_align\":\"center\",\"visibility\":\"l\"},\"name\":\"Imagen Desktop\"},{\"type\":\"image\",\"props\":{\"image\":\"wp-content\\\/uploads\\\/portada-tiny-houses-mobile.jpg\",\"image_height\":1080,\"image_svg_color\":\"emphasis\",\"image_width\":1080,\"margin\":\"remove-vertical\",\"text_align\":\"center\",\"visibility\":\"hidden-l\"},\"name\":\"Imagen Mobile\"}]}]}],\"name\":\"Hero\"},{\"type\":\"section\",\"props\":{\"image_position\":\"center-center\",\"style\":\"default\",\"title_breakpoint\":\"xl\",\"title_position\":\"top-left\",\"title_rotation\":\"left\",\"vertical_align\":\"middle\",\"width\":\"default\"},\"children\":[{\"type\":\"row\",\"props\":{\"layout\":\"2-5,3-5\"},\"children\":[{\"type\":\"column\",\"props\":{\"image_position\":\"center-center\",\"position_sticky\":\"column\",\"position_sticky_breakpoint\":\"m\",\"position_sticky_offset\":\"90px\",\"width_medium\":\"2-5\"},\"children\":[{\"type\":\"image\",\"props\":{\"animation\":\"slide-left-medium\",\"image\":\"wp-content\\\/uploads\\\/teo-portada-1.jpg\",\"image_height\":1200,\"image_svg_color\":\"emphasis\",\"image_width\":800,\"margin\":\"default\"}}]},{\"type\":\"column\",\"props\":{\"image_position\":\"center-center\",\"position_sticky_breakpoint\":\"m\",\"width_medium\":\"3-5\"},\"children\":[{\"type\":\"headline\",\"props\":{\"content\":\"TINY-HOUSES\",\"content_de_de\":\"TINY-HOUSES\",\"content_en_us\":\"TINY-HOUSES\",\"content_fr_fr\":\"TINY-HOUSES\",\"margin_remove_bottom\":true,\"title_element\":\"h1\"}},{\"type\":\"headline\",\"props\":{\"content\":\"Construimos estilos de vida\",\"content_de_de\":\"Wir bauen Lebensstile auf\",\"content_en_us\":\"We build lifestyles\",\"content_fr_fr\":\"Nous construisons des modes de vie\",\"margin\":\"medium\",\"margin_remove_top\":true,\"title_element\":\"div\",\"title_style\":\"text-meta\"}},{\"type\":\"text\",\"props\":{\"column_breakpoint\":\"m\",\"content\":\"<span style=\\\"font-weight: 400;\\\">EQUIPO TINY HOUSES<\\\/span>\",\"content_de_de\":\"<span style=\\\"font-weight: 400;\\\">TINY-HOUSES-TEAM<\\\/span>\",\"content_en_us\":\"<span style=\\\"font-weight: 400;\\\">TINY HOUSES TEAM<\\\/span>\",\"content_fr_fr\":\"<span style=\\\"font-weight: 400;\\\">L'\\u00c9QUIPE DES PETITES MAISONS<\\\/span>\",\"margin\":\"default\"}},{\"type\":\"text\",\"props\":{\"column_breakpoint\":\"m\",\"content\":\"Somos un gran equipo profesional y comprometido con el proyecto de nuestros clientes.\",\"content_de_de\":\"Wir sind ein gro\\u00dfartiges professionelles Team, das sich f\\u00fcr die Projekte unserer Kunden einsetzt.\",\"content_en_us\":\"We are a great professional team committed to our clients' projects.\",\"content_fr_fr\":\"Nous sommes une grande \\u00e9quipe professionnelle engag\\u00e9e dans les projets de nos clients.\",\"margin\":\"default\"}},{\"type\":\"text\",\"props\":{\"column_breakpoint\":\"m\",\"content\":\"Desarrollamos y fabricamos mini casas y casas m\\u00f3viles bajo las necesidades y gustos del cliente.<br \\\/>L\\u00edderes en Espa\\u00f1a con una experiencia de m\\u00e1s de <strong>20 a\\u00f1os<\\\/strong> en fabricaci\\u00f3n de remolques, en revestimientos interiores y exteriores y en dise\\u00f1o de interiores y decoraci\\u00f3n.\",\"content_de_de\":\"Wir entwickeln und fertigen Minih\\u00e4user und Mobilheime nach den Bed\\u00fcrfnissen und Vorlieben des Kunden.<br \\\/>F\\u00fchrer in Spanien mit mehr als <strong>20 Jahren<\\\/strong> Erfahrung in der Herstellung von Anh\\u00e4ngern, Innen- und Au\\u00dfenbeschichtungen und Innenarchitektur und Dekoration.\",\"content_en_us\":\"We develop and manufacture mini houses and mobile homes according to the needs and tastes of the client.<br \\\/>Leaders in Spain with more than <strong>20 years<\\\/strong> experience in trailer manufacturing, interior and exterior coatings and interior design and decoration.\",\"content_fr_fr\":\"Nous d\\u00e9veloppons et fabriquons des mini-maisons et des mobil-homes selon les besoins et les go\\u00fbts du client.<br \\\/>Leaders en Espagne avec plus de <strong>20 ans<\\\/strong> d'exp\\u00e9rience dans la fabrication de remorques, les rev\\u00eatements int\\u00e9rieurs et ext\\u00e9rieurs et le design d'int\\u00e9rieur. et la d\\u00e9coration.\",\"margin\":\"default\"}},{\"type\":\"text\",\"props\":{\"column_breakpoint\":\"m\",\"content\":\"Disponemos de m\\u00e1s de 2000 metros cuadrados de instalaciones e infraestructura para fabricar hasta 15 casas conjuntamente.\",\"content_de_de\":\"Wir verf\\u00fcgen \\u00fcber mehr als 2000 Quadratmeter an Anlagen und Infrastruktur, um gemeinsam bis zu 15 H\\u00e4user herzustellen.\",\"content_en_us\":\"We have more than 2000 square meters of facilities and infrastructure to manufacture up to 15 houses together.\",\"content_fr_fr\":\"Nous disposons de plus de 2 000 m\\u00e8tres carr\\u00e9s d'installations et d'infrastructures pour fabriquer jusqu'\\u00e0 15 maisons ensemble.\",\"margin\":\"default\"}},{\"type\":\"button\",\"props\":{\"button_size\":\"small\",\"grid_column_gap\":\"small\",\"grid_row_gap\":\"small\",\"margin\":\"medium\",\"margin_remove_top\":true},\"children\":[{\"type\":\"button_item\",\"props\":{\"button_style\":\"primary\",\"content\":\"Saber m\\u00e1s\",\"content_de_de\":\"Erfahren Sie mehr\",\"content_en_us\":\"Learn more\",\"content_fr_fr\":\"Apprendre encore plus\",\"icon_align\":\"left\",\"link\":\"quienes-somos\\\/\",\"link_de_de\":\"\\\/de\\\/quienes-somos\\\/\",\"link_en_us\":\"\\\/en\\\/quienes-somos\\\/\",\"link_fr_fr\":\"\\\/fr\\\/quienes-somos\\\/\"}}]},{\"type\":\"text\",\"props\":{\"column_breakpoint\":\"m\",\"content\":\"<span style=\\\"font-weight: 400;\\\">TU CASA ALL\\u00c1 DONDE QUIERAS<\\\/span>\",\"content_de_de\":\"<span style=\\\"font-weight: 400;\\\">IHR HAUS, WO SIE WOLLEN<\\\/span>\",\"content_en_us\":\"<span style=\\\"font-weight: 400;\\\">YOUR HOUSE WHERE YOU WANT<\\\/span>\",\"content_fr_fr\":\"<span style=\\\"font-weight: 400;\\\">VOTRE MAISON O\\u00d9 VOUS VOULEZ<\\\/span>\",\"margin\":\"default\"}},{\"type\":\"text\",\"props\":{\"column_breakpoint\":\"m\",\"content\":\"Fabricadas de chasis y remolques con homologaci\\u00f3n Europea.<br \/>\\nLas fabricamos con remolque homologado o en plataforma para transportar en cami\\u00f3n. Son totalmente m\\u00f3viles ya que no necesitan ni cimentaci\\u00f3n ni obra civil.\",\"content_de_de\":\"Hergestellt aus Fahrgestellen und Anh\\u00e4ngern mit europ\\u00e4ischer Zulassung.<br \/>\\nWir fertigen sie mit einem zugelassenen Anh\\u00e4nger oder auf einer Plattform f\\u00fcr den Transport per LKW. Sie sind v\\u00f6llig mobil, da sie weder Fundamente noch Bauarbeiten ben\\u00f6tigen.\",\"content_en_us\":\"Manufactured from chassis and trailers with European approval.<br \/>\\nWe manufacture them with an approved trailer or on a platform to transport by truck. They are totally mobile since they do not need foundations or civil works.\",\"content_fr_fr\":\"Fabriqu\\u00e9 \\u00e0 partir de ch\\u00e2ssis et de remorques avec homologation europ\\u00e9enne.<br \/>\\nNous les fabriquons avec une remorque homologu\\u00e9e ou sur plateforme pour les transporter par camion. Ils sont totalement mobiles puisqu'ils n'ont pas besoin de fondations ni de travaux de g\\u00e9nie civil.\",\"margin\":\"default\"}},{\"type\":\"text\",\"props\":{\"column_breakpoint\":\"m\",\"content\":\"<span style=\\\"font-weight: 400;\\\">UN FUTURO SOSTENIBLE<\\\/span>\",\"content_de_de\":\"<span style=\\\"font-weight: 400;\\\">EINE NACHHALTIGE ZUKUNFT<\\\/span>\",\"content_en_us\":\"<span style=\\\"font-weight: 400;\\\">A SUSTAINABLE FUTURE<\\\/span>\",\"content_fr_fr\":\"<span style=\\\"font-weight: 400;\\\">UN AVENIR DURABLE<\\\/span>\",\"margin\":\"default\"}},{\"type\":\"text\",\"props\":{\"column_breakpoint\":\"m\",\"content\":\"Nuestras Tiny Houses son dise\\u00f1os \\u00fanicos acerc\\u00e1ndonos a un futuro sostenible, humano y eficaz. Fabricadas con aislantes t\\u00e9rmicos reflexivos de la mayor calidad y autosuficientes.\",\"content_de_de\":\"Unsere Tiny Houses sind einzigartige Designs, die uns einer nachhaltigen, humanen und effektiven Zukunft n\\u00e4her bringen. Hergestellt mit hochwertigsten und autarken reflektierenden W\\u00e4rmeisolatoren.\",\"content_en_us\":\"Our Tiny Houses are unique designs bringing us closer to a sustainable, humane and effective future. Manufactured with the highest quality and self-sufficient reflective thermal insulators.\",\"content_fr_fr\":\"Nos Tiny Houses sont des conceptions uniques qui nous rapprochent d\\u2019un avenir durable, humain et efficace. Fabriqu\\u00e9 avec des isolants thermiques r\\u00e9fl\\u00e9chissants de la plus haute qualit\\u00e9 et autonomes.\",\"margin\":\"default\"}},{\"type\":\"text\",\"props\":{\"column_breakpoint\":\"m\",\"content\":\"<span style=\\\"font-weight: 400;\\\">\\u00bfC\\u00d3MO TE GUSTAR\\u00cdA VIVIR?<\\\/span>\",\"content_de_de\":\"<span style=\\\"font-weight: 400;\\\">WIE M\\u00d6CHTEN SIE LEBEN?<\\\/span>\",\"content_en_us\":\"<span style=\\\"font-weight: 400;\\\">HOW WOULD YOU LIKE TO LIVE?<\\\/span>\",\"content_fr_fr\":\"<span style=\\\"font-weight: 400;\\\">COMMENT AIMERIEZ-VOUS VIVRE ?<\\\/span>\",\"margin\":\"default\"}},{\"type\":\"text\",\"props\":{\"column_breakpoint\":\"m\",\"content\":\"Un amplio abanico de opciones tanto de terminaciones, acabados, revestimientos, equipaciones de cocina y ba\\u00f1o, mobiliario, iluminaci\\u00f3n...<br \/>\\nA tu manera juntos personalizamos.\",\"content_de_de\":\"Eine gro\\u00dfe Auswahl an Optionen f\\u00fcr Oberfl\\u00e4chen, Oberfl\\u00e4chen, Beschichtungen, K\\u00fcchen- und Badezimmerausstattung, M\\u00f6bel, Beleuchtung...<br \/>\\nWir passen Ihren Weg gemeinsam an.\",\"content_en_us\":\"A wide range of options for finishes, finishes, coatings, kitchen and bathroom equipment, furniture, lighting...<br \/>\\nYour way together we customize.\",\"content_fr_fr\":\"Une large gamme d'options en mati\\u00e8re de finitions, de finitions, de rev\\u00eatements, d'\\u00e9quipements de cuisine et de salle de bain, de mobilier, de luminaires...<br \/>\\nVotre chemin ensemble, nous personnalisons.\",\"margin\":\"default\"}}]}]}]}],\"version\":\"4.4.12\"} --><\/p>\n","protected":false},"excerpt":{"rendered":"<p>TINY-HOUSES We build lifestyles TINY HOUSES TEAM We are a great professional team committed to our clients&#8217; projects. We develop and manufacture mini houses and mobile homes according to the needs and tastes of the client.Leaders in Spain with more than 20 years experience in trailer manufacturing, interior and exterior coatings and interior design and [&hellip;]<\/p>\n","protected":false},"author":1,"featured_media":0,"parent":0,"menu_order":-999,"comment_status":"closed","ping_status":"closed","template":"","meta":{"footnotes":""},"class_list":["post-3157","page","type-page","status-publish","hentry"],"jetpack_sharing_enabled":true,"_links":{"self":[{"href":"https:\/\/www.tiny-houses.es\/wp-json\/wp\/v2\/pages\/3157"}],"collection":[{"href":"https:\/\/www.tiny-houses.es\/wp-json\/wp\/v2\/pages"}],"about":[{"href":"https:\/\/www.tiny-houses.es\/wp-json\/wp\/v2\/types\/page"}],"author":[{"embeddable":true,"href":"https:\/\/www.tiny-houses.es\/wp-json\/wp\/v2\/users\/1"}],"replies":[{"embeddable":true,"href":"https:\/\/www.tiny-houses.es\/wp-json\/wp\/v2\/comments?post=3157"}],"version-history":[{"count":34,"href":"https:\/\/www.tiny-houses.es\/wp-json\/wp\/v2\/pages\/3157\/revisions"}],"predecessor-version":[{"id":3293,"href":"https:\/\/www.tiny-houses.es\/wp-json\/wp\/v2\/pages\/3157\/revisions\/3293"}],"wp:attachment":[{"href":"https:\/\/www.tiny-houses.es\/wp-json\/wp\/v2\/media?parent=3157"}],"curies":[{"name":"wp","href":"https:\/\/api.w.org\/{rel}","templated":true}]}}