{"id":1751,"date":"2020-09-08T17:45:13","date_gmt":"2020-09-08T16:45:13","guid":{"rendered":"https:\/\/www.tiny-houses.es\/?page_id=1751"},"modified":"2024-11-04T19:08:46","modified_gmt":"2024-11-04T18:08:46","slug":"transporte","status":"publish","type":"page","link":"https:\/\/www.tiny-houses.es\/transporte\/","title":{"rendered":"Transporte"},"content":{"rendered":"<p><img decoding=\"async\" src=\"\/wp-content\/uploads\/transportes-12.jpg\" alt=\"\"><\/p>\n<h2>Transportamos a nuestros clientes las casas fabricadas al destino que quieran con nuestros veh\u00edculos adaptados para ello, a precio de coste.<\/h2>\n<p><img decoding=\"async\" src=\"\/wp-content\/uploads\/transporte-europa.jpg\" alt=\"\"><\/p>\n<div>\u00bfDonde necesitas colocar tu nueva casa?<\/div>\n<div>Enviamos a toda Europa. Consulta sin compromiso d\u00f3nde necesitas ubicar tu casa.<\/div>\n<p><!--more--><br \/>\n<!-- {\"name\":\"Videos\",\"type\":\"layout\",\"children\":[{\"type\":\"section\",\"props\":{\"image_position\":\"center-center\",\"padding\":\"large\",\"style\":\"default\",\"title\":\"Watch My Videos\",\"title_breakpoint\":\"xl\",\"title_position\":\"center-right\",\"title_rotation\":\"left\",\"vertical_align\":\"\",\"width\":\"xlarge\"},\"children\":[{\"type\":\"row\",\"props\":{\"column_gap\":\"large\",\"layout\":\"1-2,1-2\"},\"children\":[{\"type\":\"column\",\"props\":{\"image_position\":\"center-center\",\"position_sticky_breakpoint\":\"m\",\"width_medium\":\"1-2\"},\"children\":[{\"type\":\"image\",\"props\":{\"image\":\"wp-content\\\/uploads\\\/transportes-12.jpg\",\"image_svg_color\":\"emphasis\",\"image_width\":\"900\",\"margin\":\"default\",\"position\":\"relative\",\"position_z_index\":\"1\"}}]},{\"type\":\"column\",\"props\":{\"image_position\":\"center-center\",\"position_sticky_breakpoint\":\"m\",\"vertical_align\":\"middle\",\"width_medium\":\"1-2\"},\"children\":[{\"type\":\"headline\",\"props\":{\"block_align\":\"center\",\"content\":\"Transportamos a nuestros clientes las casas fabricadas al destino que quieran con nuestros veh\\u00edculos adaptados para ello, a precio de coste.\",\"content_de_de\":\"Wir transportieren die hergestellten H\\u00e4user mit unseren f\\u00fcr sie angepassten Fahrzeugen zum Zielort unserer Kunden, zum Selbstkostenpreis.\",\"content_en_us\":\"We transport the houses manufactured to the destination of our clients with our vehicles\\nadapted for them, at cost price.\",\"content_fr_fr\":\"Nous transportons les maisons fabriqu\\u00e9es \\u00e0 la destination de nos clients avec nos v\\u00e9hicules adapt\\u00e9s pour eux, au prix co\\u00fbtant.\",\"margin\":\"medium\",\"margin_remove_top\":true,\"maxwidth\":\"xlarge\",\"maxwidth_breakpoint\":\"m\",\"title_element\":\"h2\",\"title_style\":\"h2\"}}]}]}],\"name\":\"Hero\"},{\"name\":\"Gallery\",\"type\":\"section\",\"props\":{\"animation\":\"fade\",\"image_position\":\"center-center\",\"padding\":\"large\",\"padding_remove_top\":true,\"status\":\"disabled\",\"style\":\"default\",\"title_breakpoint\":\"xl\",\"title_position\":\"top-left\",\"title_rotation\":\"left\",\"vertical_align\":\"\",\"width\":\"large\"},\"children\":[{\"type\":\"row\",\"props\":{\"margin\":\"xlarge\"},\"children\":[{\"type\":\"column\",\"props\":{\"image_position\":\"center-center\",\"position_sticky_breakpoint\":\"m\",\"width_medium\":\"1-1\"},\"children\":[{\"type\":\"gallery\",\"props\":{\"content_display\":\"lightbox\",\"content_transition\":\"slide-bottom-small\",\"filter_align\":\"left\",\"filter_all\":true,\"filter_grid_breakpoint\":\"m\",\"filter_grid_width\":\"auto\",\"filter_position\":\"top\",\"filter_style\":\"tab\",\"grid_column_gap\":\"medium\",\"grid_default\":\"1\",\"grid_medium\":\"3\",\"grid_row_gap\":\"medium\",\"grid_small\":\"2\",\"image_box_shadow\":\"small\",\"image_height\":\"400\",\"image_transition\":\"scale-up\",\"image_width\":\"600\",\"item_animation\":true,\"lightbox\":true,\"link_style\":\"default\",\"link_text\":\"\",\"margin\":\"default\",\"meta_align\":\"below-title\",\"meta_element\":\"div\",\"meta_style\":\"text-meta\",\"overlay_hover\":false,\"overlay_link\":true,\"overlay_margin\":\"small\",\"overlay_mode\":\"cover\",\"overlay_padding\":\"large\",\"overlay_position\":\"center\",\"overlay_style\":\"\",\"overlay_transition\":\"fade\",\"parallax_easing\":\"1\",\"show_content\":false,\"show_hover_image\":true,\"show_hover_video\":true,\"show_image2\":true,\"show_link\":false,\"show_meta\":false,\"show_title\":false,\"text_align\":\"center\",\"text_color\":\"\",\"title_decoration\":\"divider\",\"title_display\":\"lightbox\",\"title_element\":\"h2\",\"title_hover_style\":\"reset\",\"title_style\":\"h4\",\"title_transition\":\"slide-top-small\"},\"children\":[{\"type\":\"gallery_item\",\"props\":{\"image\":\"wp-content\\\/uploads\\\/transportes-01.jpg\",\"title\":\"transportes-01\"}},{\"type\":\"gallery_item\",\"props\":{\"image\":\"wp-content\\\/uploads\\\/transportes-02.jpg\",\"title\":\"transportes-02\"}},{\"type\":\"gallery_item\",\"props\":{\"image\":\"wp-content\\\/uploads\\\/transportes-03.jpg\",\"title\":\"transportes-03\"}},{\"type\":\"gallery_item\",\"props\":{\"image\":\"wp-content\\\/uploads\\\/transportes-04.jpg\",\"title\":\"transportes-04\"}},{\"type\":\"gallery_item\",\"props\":{\"image\":\"wp-content\\\/uploads\\\/transportes-05.jpg\",\"title\":\"transportes-05\"}},{\"type\":\"gallery_item\",\"props\":{\"image\":\"wp-content\\\/uploads\\\/transportes-06.jpg\",\"title\":\"transportes-06\"}},{\"type\":\"gallery_item\",\"props\":{\"image\":\"wp-content\\\/uploads\\\/transportes-07.jpg\",\"title\":\"transportes-07\"}},{\"type\":\"gallery_item\",\"props\":{\"image\":\"wp-content\\\/uploads\\\/transportes-08.jpg\",\"title\":\"transportes-08\"}},{\"type\":\"gallery_item\",\"props\":{\"image\":\"wp-content\\\/uploads\\\/transportes-09.jpg\",\"title\":\"transportes-09\"}},{\"type\":\"gallery_item\",\"props\":{\"image\":\"wp-content\\\/uploads\\\/transportes-10.jpg\",\"title\":\"transportes-10\"}},{\"type\":\"gallery_item\",\"props\":{\"image\":\"wp-content\\\/uploads\\\/transportes-11.jpg\",\"title\":\"transportes-11\"}},{\"type\":\"gallery_item\",\"props\":{\"image\":\"wp-content\\\/uploads\\\/transportes-12.jpg\",\"title\":\"transportes-12\"}},{\"type\":\"gallery_item\",\"props\":{\"image\":\"wp-content\\\/uploads\\\/transportes-13.jpg\",\"title\":\"transportes-13\"}}]}]}]}]},{\"type\":\"section\",\"props\":{\"image_position\":\"center-center\",\"style\":\"default\",\"title_breakpoint\":\"xl\",\"title_position\":\"top-left\",\"title_rotation\":\"left\",\"vertical_align\":\"middle\",\"width\":\"default\"},\"children\":[{\"type\":\"row\",\"children\":[{\"type\":\"column\",\"props\":{\"image_position\":\"center-center\",\"position_sticky_breakpoint\":\"m\"},\"children\":[{\"type\":\"image\",\"props\":{\"image\":\"wp-content\\\/uploads\\\/transporte-europa.jpg\",\"image_svg_color\":\"emphasis\",\"image_width\":1080,\"margin\":\"default\",\"text_align\":\"center\"}}]}]},{\"type\":\"row\",\"children\":[{\"type\":\"column\",\"props\":{\"image_position\":\"center-center\",\"position_sticky_breakpoint\":\"m\"},\"children\":[{\"type\":\"text\",\"props\":{\"class\":\"uk-text-bold\",\"column_breakpoint\":\"m\",\"content\":\"\\u00bfDonde necesitas colocar tu nueva casa?\",\"content_de_de\":\"Wo m\\u00fcssen Sie Ihr neues Haus platzieren?\",\"content_en_us\":\"Where do you need to locate your new home?\",\"content_fr_fr\":\"O\\u00f9 devez-vous situer votre nouvelle maison ?\",\"margin\":\"default\",\"margin_remove_bottom\":true,\"text_align\":\"center\",\"text_color\":\"primary\",\"text_style\":\"large\"}},{\"type\":\"text\",\"props\":{\"column_breakpoint\":\"m\",\"content\":\"Enviamos a toda Europa. Consulta sin compromiso d\\u00f3nde necesitas ubicar tu casa.\",\"content_de_de\":\"Wir versenden nach ganz Europa. Lassen Sie sich unverbindlich beraten, wo Sie Ihr Haus finden m\\u00fcssen.\",\"content_en_us\":\"We ship to all of Europe. Consult without obligation where you need to locate your house.\",\"content_fr_fr\":\"Nous exp\\u00e9dions dans toute l'Europe. Consultez sans engagement o\\u00f9 vous devez localiser votre maison.\",\"margin\":\"small\",\"margin_remove_top\":false,\"text_align\":\"center\",\"text_style\":\"large\"}}]}]}]}],\"version\":\"4.4.12\"} --><\/p>\n","protected":false},"excerpt":{"rendered":"<p>Wir transportieren die hergestellten H\u00e4user mit unseren f\u00fcr sie angepassten Fahrzeugen zum Zielort unserer Kunden, zum Selbstkostenpreis. Wo m\u00fcssen Sie Ihr neues Haus platzieren? Wir versenden nach ganz Europa. Lassen Sie sich unverbindlich beraten, wo Sie Ihr Haus finden m\u00fcssen.<\/p>\n","protected":false},"author":1,"featured_media":1762,"parent":0,"menu_order":0,"comment_status":"closed","ping_status":"closed","template":"","meta":{"footnotes":""},"class_list":["post-1751","page","type-page","status-publish","has-post-thumbnail","hentry"],"jetpack_sharing_enabled":true,"_links":{"self":[{"href":"https:\/\/www.tiny-houses.es\/wp-json\/wp\/v2\/pages\/1751"}],"collection":[{"href":"https:\/\/www.tiny-houses.es\/wp-json\/wp\/v2\/pages"}],"about":[{"href":"https:\/\/www.tiny-houses.es\/wp-json\/wp\/v2\/types\/page"}],"author":[{"embeddable":true,"href":"https:\/\/www.tiny-houses.es\/wp-json\/wp\/v2\/users\/1"}],"replies":[{"embeddable":true,"href":"https:\/\/www.tiny-houses.es\/wp-json\/wp\/v2\/comments?post=1751"}],"version-history":[{"count":21,"href":"https:\/\/www.tiny-houses.es\/wp-json\/wp\/v2\/pages\/1751\/revisions"}],"predecessor-version":[{"id":3342,"href":"https:\/\/www.tiny-houses.es\/wp-json\/wp\/v2\/pages\/1751\/revisions\/3342"}],"wp:featuredmedia":[{"embeddable":true,"href":"https:\/\/www.tiny-houses.es\/wp-json\/wp\/v2\/media\/1762"}],"wp:attachment":[{"href":"https:\/\/www.tiny-houses.es\/wp-json\/wp\/v2\/media?parent=1751"}],"curies":[{"name":"wp","href":"https:\/\/api.w.org\/{rel}","templated":true}]}}