{"id":1665,"date":"2019-10-14T13:21:59","date_gmt":"2019-10-14T12:21:59","guid":{"rendered":"https:\/\/www.tiny-houses.es\/?page_id=1665"},"modified":"2025-11-17T19:28:00","modified_gmt":"2025-11-17T18:28:00","slug":"contacto","status":"publish","type":"page","link":"https:\/\/www.tiny-houses.es\/contacto\/","title":{"rendered":"Contacto"},"content":{"rendered":"<h1>Nueva administraci\u00f3n y pr\u00f3ximas instalaciones<\/h1>\n<div>\n<p>En estos momentos nuestra empresa se encuentra en un proceso de reestructuraci\u00f3n interna y cuenta ya con una nueva administraci\u00f3n, orientada a ofrecer un servicio todav\u00eda m\u00e1s profesional y eficiente.<\/p>\n<p>A principios de a\u00f1o comunicaremos los datos de nuestras nuevas instalaciones, que ser\u00e1n m\u00e1s modernas, con mayor capacidad y mejor equipadas para dar respuesta a la creciente demanda de nuestros clientes.<br \/>\nNuestro objetivo es seguir creciendo y ser m\u00e1s fuertes que antes, manteniendo siempre el trato cercano y la calidad que nos caracterizan.<\/p>\n<p>\u00a1Estate atento! Muy pronto os indicarmenos los canales de comunicaci\u00f3n para poder ponerte en contacto con nosotros.<\/p>\n<\/div>\n<div>\n<p>        <img decoding=\"async\" src=\"\/wp-content\/uploads\/icono-profesional.png\" alt=\"\"><\/p>\n<h2>\u00bfEres profesional?<\/h2>\n<div>\n<p>\u00bfTienes un camping y necesitas un cambio? \u00bfAlquilas casas o habitaciones en Internet?<\/p>\n<p>Si eres un profesional del sector tur\u00edstico podr\u00e1s gesgrabarte el IVA y los INTERESES por la operaci\u00f3n. Adem\u00e1s disponemos de modelos e ideas alternativas para adaptarlas a tus necesidades. Una inversi\u00f3n con rapido retorno.<\/p>\n<\/div>\n<\/div>\n<h2>S\u00edgenos en las Redes<\/h2>\n<ul>\n<li><a href=\"https:\/\/www.facebook.com\/tinyhousesSpain\">facebook<\/a>\n<\/li>\n<li><a href=\"https:\/\/www.instagram.com\/tiny_houses_spain\/\">instagram<\/a>\n<\/li>\n<\/ul>\n<p><!--more--><br \/>\n<!-- {\"name\":\"Contact\",\"type\":\"layout\",\"children\":[{\"type\":\"section\",\"props\":{\"image_position\":\"center-center\",\"style\":\"default\",\"title_breakpoint\":\"xl\",\"title_position\":\"top-left\",\"title_rotation\":\"left\",\"vertical_align\":\"middle\",\"width\":\"default\"},\"children\":[{\"type\":\"row\",\"children\":[{\"type\":\"column\",\"props\":{\"image_position\":\"center-center\",\"position_sticky_breakpoint\":\"m\"},\"children\":[{\"type\":\"headline\",\"props\":{\"content\":\"Nueva administraci\\u00f3n y pr\\u00f3ximas instalaciones\",\"title_element\":\"h1\"}},{\"type\":\"text\",\"props\":{\"column_breakpoint\":\"m\",\"content\":\"\n\n<p>En estos momentos nuestra empresa se encuentra en un proceso de reestructuraci\\u00f3n interna y cuenta ya con una nueva administraci\\u00f3n, orientada a ofrecer un servicio todav\\u00eda m\\u00e1s profesional y eficiente.<\\\/p>\\n\\n\n\n<p>A principios de a\\u00f1o comunicaremos los datos de nuestras nuevas instalaciones, que ser\\u00e1n m\\u00e1s modernas, con mayor capacidad y mejor equipadas para dar respuesta a la creciente demanda de nuestros clientes.\\nNuestro objetivo es seguir creciendo y ser m\\u00e1s fuertes que antes, manteniendo siempre el trato cercano y la calidad que nos caracterizan.<\\\/p>\\n\\n\n\n<p>\\u00a1Estate atento! Muy pronto os indicarmenos los canales de comunicaci\\u00f3n para poder ponerte en contacto con nosotros.<\\\/p>\",\"margin\":\"default\"}}]}]}]},{\"type\":\"section\",\"props\":{\"image_position\":\"center-center\",\"style\":\"default\",\"title_breakpoint\":\"xl\",\"title_position\":\"top-left\",\"title_rotation\":\"left\",\"vertical_align\":\"middle\",\"width\":\"small\"},\"children\":[{\"type\":\"row\",\"children\":[{\"type\":\"column\",\"props\":{\"image_position\":\"center-center\",\"position_sticky_breakpoint\":\"m\"},\"children\":[{\"type\":\"panel\",\"props\":{\"content\":\"\n\n<p>\\u00bfTienes un camping y necesitas un cambio? \\u00bfAlquilas casas o habitaciones en Internet?<\\\/p>\\n\n\n<p>Si eres un profesional del sector tur\\u00edstico podr\\u00e1s gesgrabarte el IVA y los INTERESES por la operaci\\u00f3n. Adem\\u00e1s disponemos de modelos e ideas alternativas para adaptarlas a tus necesidades. Una inversi\\u00f3n con rapido retorno.<\\\/p>\",\"content_column_breakpoint\":\"m\",\"content_de_de\":\"\n\n<p>Sie haben einen Campingplatz und brauchen Abwechslung? Vermieten Sie H\\u00e4user oder Zimmer im Internet?<\\\/p>\\n\n\n<p>Wenn Sie ein Fachmann im Tourismussektor sind, k\\u00f6nnen Sie die Mehrwertsteuer und die ZINSen f\\u00fcr den Betrieb verwalten. Wir haben auch alternative Modelle und Ideen zur Anpassung an Ihre Bed\\u00fcrfnisse. Eine Investition mit schneller Rendite.<\\\/p>\",\"content_en_us\":\"\n\n<p>Do you have a campsite and need a change? Do you rent houses or rooms on the Internet?<\\\/p>\\n\n\n<p>If you are a professional in the tourism sector, you can manage the VAT and INTEREST for the operation. We also have alternative models and ideas to adapt to your needs. An investment with a quick return.<\\\/p>\",\"content_fr_fr\":\"\n\n<p>Vous avez un camping et avez besoin de changement\\u00a0? Louez-vous des maisons ou des chambres sur Internet\\u00a0?<\\\/p>\\n\n\n<p>Si vous \\u00eates un professionnel du secteur du tourisme, vous pouvez g\\u00e9rer la TVA et les INT\\u00c9R\\u00caTS de l'op\\u00e9ration. Nous avons \\u00e9galement des mod\\u00e8les alternatifs et des id\\u00e9es pour nous adapter \\u00e0 vos besoins. Un investissement avec un retour rapide.<\\\/p>\",\"css\":\".el-title {\\n    text-transform: uppercase;\\n}\",\"icon_width\":80,\"image\":\"wp-content\\\/uploads\\\/icono-profesional.png\",\"image_align\":\"left\",\"image_grid_breakpoint\":\"m\",\"image_grid_width\":\"1-4\",\"image_svg_color\":\"emphasis\",\"image_vertical_align\":true,\"link_style\":\"default\",\"link_text\":\"Read more\",\"margin\":\"\",\"meta_align\":\"below-title\",\"meta_element\":\"div\",\"meta_style\":\"text-meta\",\"title\":\"\\u00bfEres profesional?\",\"title_align\":\"top\",\"title_de_de\":\"Sind Sie ein Profi?\",\"title_element\":\"h2\",\"title_en_us\":\"Are you a professional?\",\"title_fr_fr\":\"\\u00cates-vous un professionnel?\",\"title_grid_breakpoint\":\"m\",\"title_grid_width\":\"1-2\",\"title_hover_style\":\"reset\"}}]}]}]},{\"type\":\"section\",\"props\":{\"image_position\":\"center-center\",\"status\":\"disabled\",\"style\":\"default\",\"title_breakpoint\":\"xl\",\"title_position\":\"top-left\",\"title_rotation\":\"left\",\"vertical_align\":\"middle\",\"width\":\"default\"},\"children\":[{\"type\":\"row\",\"children\":[{\"type\":\"column\",\"props\":{\"image_position\":\"center-center\",\"position_sticky_breakpoint\":\"m\"},\"children\":[{\"type\":\"headline\",\"props\":{\"class\":\"uk-text-uppercase\",\"content\":\"Contacto\",\"content_de_de\":\"Kontakt\",\"content_en_us\":\"Contact\",\"content_fr_fr\":\"Contact\",\"title_element\":\"h1\"}},{\"type\":\"text\",\"props\":{\"column_breakpoint\":\"m\",\"content\":\"Nuestro horario de atenci\\u00f3n al cliente es de lunes a viernes de 7:00 a 15:00. D\\u00e9janos tu mensaje o ll\\u00e1manos si tienes alguna duda, consulta o sugerencia y nos pondremos en contacto contigo con la mayor brevedad posible.\",\"content_de_de\":\"Unsere Kundendienstzeiten sind Montag bis Freitag von 7:00 bis 15:00 Uhr. Hinterlassen Sie uns Ihre Nachricht oder rufen Sie uns an, wenn Sie Fragen, W\\u00fcnsche oder Anregungen haben. Wir werden uns so schnell wie m\\u00f6glich mit Ihnen in Verbindung setzen.\",\"content_en_us\":\"Our customer service hours are Monday to Friday from 7:00 a.m. to 3:00 p.m. Leave us your message or call us if you have any questions, queries or suggestions and we will contact you as soon as possible.\",\"content_fr_fr\":\"Nos horaires de service client sont du lundi au vendredi de 7h00 \\u00e0 15h00. Laissez-nous votre message ou appelez-nous si vous avez des questions, des requ\\u00eates ou des suggestions et nous vous contacterons dans les plus brefs d\\u00e9lais.\",\"margin\":\"default\"}}]}]},{\"type\":\"row\",\"props\":{\"layout\":\"1-2,1-2\"},\"children\":[{\"type\":\"column\",\"props\":{\"image_position\":\"center-center\",\"position_sticky_breakpoint\":\"m\",\"width_medium\":\"1-2\"},\"children\":[{\"type\":\"html\",\"props\":{\"content\":\"<iframe src=\\\"https:\\\/\\\/www.google.com\\\/maps\\\/embed?pb=!1m18!1m12!1m3!1d2981.649231825132!2d-0.7688050845662933!3d41.6417127792417!2m3!1f0!2f0!3f0!3m2!1i1024!2i768!4f13.1!3m3!1m2!1s0xd59177691f954ab%3A0xf3f975c957e30ebc!2sCalle%20Olmo%2C%2021%2C%2050171%20La%20Puebla%20de%20Alfind%C3%A9n%2C%20Zaragoza!5e0!3m2!1ses!2ses!4v1614860303312!5m2!1ses!2ses\\\" width=\\\"100%\\\" height=\\\"570\\\" frameborder=\\\"0\\\" style=\\\"border:0\\\" scrolling=\\\"no\\\" marginheight=\\\"0\\\" marginwidth=\\\"0\\\" allowfullscreen><\\\/iframe>\\n\"}}]},{\"type\":\"column\",\"props\":{\"image_position\":\"center-center\",\"position_sticky_breakpoint\":\"m\",\"width_medium\":\"1-2\"},\"children\":[{\"type\":\"html\",\"props\":{\"content\":\"[contact-form-7 id=\\\"a79f44a\\\" title=\\\"Formulario de contacto ES\\\" html_class=\\\"use-floating-validation-tip\\\"]\",\"content_de_de\":\"[contact-form-7 id=\\\"03c338a\\\" title=\\\"Formulario de contacto DE\\\" html_class=\\\"use-floating-validation-tip\\\"]\",\"content_en_us\":\"[contact-form-7 id=\\\"4ad94b0\\\" title=\\\"Formulario de contacto EN\\\" html_class=\\\"use-floating-validation-tip\\\"]\",\"content_fr_fr\":\"[contact-form-7 id=\\\"095056b\\\" title=\\\"Formulario de contacto FR\\\" html_class=\\\"use-floating-validation-tip\\\"]\"}}]}]}]},{\"type\":\"section\",\"props\":{\"image_position\":\"center-center\",\"style\":\"default\",\"title_breakpoint\":\"xl\",\"title_position\":\"top-left\",\"title_rotation\":\"left\",\"vertical_align\":\"middle\",\"width\":\"default\"},\"children\":[{\"type\":\"row\",\"children\":[{\"type\":\"column\",\"props\":{\"image_position\":\"center-center\",\"position_sticky_breakpoint\":\"m\"},\"children\":[{\"type\":\"headline\",\"props\":{\"class\":\"uk-text-uppercase\",\"content\":\"S\\u00edgenos en las Redes\",\"content_de_de\":\"Folgen Sie uns\",\"content_en_us\":\"Follow us\",\"content_fr_fr\":\"Suivez-nous\",\"text_align\":\"center\",\"title_element\":\"h2\"}},{\"type\":\"social\",\"props\":{\"grid\":\"horizontal\",\"grid_column_gap\":\"small\",\"grid_row_gap\":\"small\",\"image_svg_inline\":true,\"link_style\":\"button\",\"margin\":\"default\",\"text_align\":\"center\"},\"children\":[{\"type\":\"social_item\",\"props\":{\"link\":\"https:\\\/\\\/www.facebook.com\\\/tinyhousesSpain\"}},{\"type\":\"social_item\",\"props\":{\"link\":\"https:\\\/\\\/www.instagram.com\\\/tiny_houses_spain\\\/\"}}]}]}]}]}],\"version\":\"4.4.12\"} --><\/p>\n","protected":false},"excerpt":{"rendered":"<p>Nueva administraci\u00f3n y pr\u00f3ximas instalaciones En estos momentos nuestra empresa se encuentra en un proceso de reestructuraci\u00f3n interna y cuenta ya con una nueva administraci\u00f3n, orientada a ofrecer un servicio todav\u00eda m\u00e1s profesional y eficiente. A principios de a\u00f1o comunicaremos los datos de nuestras nuevas instalaciones, que ser\u00e1n m\u00e1s modernas, con mayor capacidad y mejor [&hellip;]<\/p>\n","protected":false},"author":1,"featured_media":0,"parent":0,"menu_order":0,"comment_status":"closed","ping_status":"closed","template":"","meta":{"footnotes":""},"class_list":["post-1665","page","type-page","status-publish","hentry"],"jetpack_sharing_enabled":true,"_links":{"self":[{"href":"https:\/\/www.tiny-houses.es\/wp-json\/wp\/v2\/pages\/1665"}],"collection":[{"href":"https:\/\/www.tiny-houses.es\/wp-json\/wp\/v2\/pages"}],"about":[{"href":"https:\/\/www.tiny-houses.es\/wp-json\/wp\/v2\/types\/page"}],"author":[{"embeddable":true,"href":"https:\/\/www.tiny-houses.es\/wp-json\/wp\/v2\/users\/1"}],"replies":[{"embeddable":true,"href":"https:\/\/www.tiny-houses.es\/wp-json\/wp\/v2\/comments?post=1665"}],"version-history":[{"count":49,"href":"https:\/\/www.tiny-houses.es\/wp-json\/wp\/v2\/pages\/1665\/revisions"}],"predecessor-version":[{"id":3369,"href":"https:\/\/www.tiny-houses.es\/wp-json\/wp\/v2\/pages\/1665\/revisions\/3369"}],"wp:attachment":[{"href":"https:\/\/www.tiny-houses.es\/wp-json\/wp\/v2\/media?parent=1665"}],"curies":[{"name":"wp","href":"https:\/\/api.w.org\/{rel}","templated":true}]}}